{"id":1130,"date":"2020-12-11T16:51:53","date_gmt":"2020-12-11T16:51:53","guid":{"rendered":"http:\/\/wp.amiblu.com\/applications\/"},"modified":"2021-01-25T12:33:50","modified_gmt":"2021-01-25T12:33:50","slug":"applications","status":"publish","type":"page","link":"https:\/\/www.flowtite.com\/pl\/applications\/","title":{"rendered":"Zastosowania"},"content":{"rendered":"<div id='full_slider_1'  class='avia-fullwidth-slider main_color avia-shadow   avia-builder-el-0  el_before_av_heading  avia-builder-el-first   container_wrap fullsize' style=' '  ><div   data-size='featured'  data-lightbox_size='large'  data-animation='slide'  data-conditional_play=''  data-ids='299'  data-video_counter='0'  data-autoplay='false'  data-bg_slider='false'  data-slide_height=''  data-handle='av_slideshow_full'  data-interval='5'  data-class=' '  data-el_id=''  data-css_id=''  data-scroll_down=''  data-control_layout='av-control-default'  data-custom_markup=''  data-perma_caption=''  data-autoplay_stopper=''  data-image_attachment=''  data-min_height='0px'  data-lazy_loading='disabled'  data-src=''  data-position='top left'  data-repeat='no-repeat'  data-attach='scroll'  data-stretch=''  data-default-height='28.666666666667'  class='avia-slideshow avia-slideshow-1  av-control-default av-default-height-applied avia-slideshow-featured av_slideshow_full   avia-slide-slider '  itemprop=\"image\" itemscope=\"itemscope\" itemtype=\"https:\/\/schema.org\/ImageObject\" ><ul class='avia-slideshow-inner ' style='padding-bottom: 28.666666666667%;' ><li  class=' av-single-slide slide-1 ' ><div data-rel='slideshow-1' class='avia-slide-wrap '   ><img decoding=\"async\" class=\"wp-image-564 avia-img-lazy-loading-not-564\"  src=\"https:\/\/www.flowtite.com\/wp-content\/uploads\/2020\/12\/Flowtite-irrigation-pipes-Toledo-Spain-1500x430.jpg\" width=\"1500\" height=\"430\" title='Flowtite-irrigation-pipes-Toledo-Spain' alt='Flowtite irrigation pipes Toledo Spain'  itemprop=\"thumbnailUrl\"   \/><\/div><\/li><\/ul><\/div><\/div><div id='after_full_slider_1'  class='main_color av_default_container_wrap container_wrap fullsize' style=' '  ><div class='container' ><div class='template-page content  av-content-full alpha units'><div class='post-entry post-entry-type-page post-entry-1130'><div class='entry-content-wrapper clearfix'>\n<div  style='padding-bottom:10px; ' class='av-special-heading av-special-heading-h1  blockquote modern-quote modern-centered  avia-builder-el-1  el_after_av_slideshow_full  el_before_av_one_fifth  avia-builder-el-first  '><h1 class='av-special-heading-tag '  itemprop=\"headline\"  >Systemy rur GRP Flowtite na ca\u0142ym \u015bwiecie, przez ca\u0142\u0105 dob\u0119<\/h1><div class='special-heading-border'><div class='special-heading-inner-border' ><\/div><\/div><\/div>\n<div class=\"flex_column av_one_fifth  flex_column_div av-zero-column-padding first  avia-builder-el-2  el_after_av_heading  el_before_av_three_fifth  \" style='border-radius:0px; '><\/div>\n<div class=\"flex_column av_three_fifth  flex_column_div av-zero-column-padding   avia-builder-el-3  el_after_av_one_fifth  el_before_av_one_fifth  \" style='border-radius:0px; '><section class=\"av_textblock_section \"  itemscope=\"itemscope\" itemtype=\"https:\/\/schema.org\/CreativeWork\" ><div class='avia_textblock  '   itemprop=\"text\" ><p style=\"text-align: center;\">Systemy rur GRP Flowtite znajduj\u0105 zastosowanie w systemach kanalizacyjnych i nawadniaj\u0105cych, w transporcie wody pitnej, w elektrowniach wodnych oraz w instalacjach bezwykopowych i przemys\u0142owych.<\/p>\n<\/div><\/section><\/div><div class=\"flex_column av_one_fifth  flex_column_div av-zero-column-padding   avia-builder-el-5  el_after_av_three_fifth  el_before_av_section  avia-builder-el-last  \" style='border-radius:0px; '><\/div><\/p>\n<\/div><\/div><\/div><!-- close content main div --><\/div><\/div><div id='av_section_1'  class='avia-section main_color avia-section-default avia-no-border-styling  avia-bg-style-scroll  avia-builder-el-6  el_after_av_one_fifth  avia-builder-el-last   container_wrap fullsize' style='background-color: #f2f2f2;  '  ><div class='container' ><div class='template-page content  av-content-full alpha units'><div class='post-entry post-entry-type-page post-entry-1130'><div class='entry-content-wrapper clearfix'>\n<div class=\"flex_column av_one_third  flex_column_div av-zero-column-padding first  avia-builder-el-7  el_before_av_one_third  avia-builder-el-first  \" style='border-radius:0px; '><p><div  class='avia-image-container  av-styling-    avia-builder-el-8  el_before_av_heading  avia-builder-el-first  avia-align-center '  itemprop=\"image\" itemscope=\"itemscope\" itemtype=\"https:\/\/schema.org\/ImageObject\"  ><div class='avia-image-container-inner'><div class='avia-image-overlay-wrap'><img decoding=\"async\" class='wp-image-1136 avia-img-lazy-loading-not-1136 avia_image' src=\"https:\/\/www.flowtite.com\/wp-content\/uploads\/2020\/12\/Flowtite-rainwater-storage-tank-Germany.jpg\" alt='Flowtite rainwater storage tank Germany' title='Flowtite-rainwater-storage-tank-Germany' height=\"200\" width=\"350\"  itemprop=\"thumbnailUrl\" srcset=\"https:\/\/www.flowtite.com\/wp-content\/uploads\/2020\/12\/Flowtite-rainwater-storage-tank-Germany.jpg 350w, https:\/\/www.flowtite.com\/wp-content\/uploads\/2020\/12\/Flowtite-rainwater-storage-tank-Germany-300x171.jpg 300w\" sizes=\"(max-width: 350px) 100vw, 350px\" \/><\/div><\/div><\/div><br \/>\n<div  style='padding-bottom:10px; ' class='av-special-heading av-special-heading-h3  blockquote modern-quote  avia-builder-el-9  el_after_av_image  avia-builder-el-last  '><h3 class='av-special-heading-tag '  itemprop=\"headline\"  >\u015acieki:<br \/> Kanalizacja \u015bciekowa i kanalizacja deszczowa, kt\u00f3ra nie ulegnie korozji<\/h3><div class ='av-subheading av-subheading_below  ' style='font-size:15px;'><p>Systemy rur kanalizacyjnych GRP Flowtite maj\u0105 specjalnie zaprojektowan\u0105 struktur\u0119 i s\u0105 wysoce odporne na substancje korozyjne, a zatem idealne do \u015bciek\u00f3w komunalnych.<\/p>\n<\/div><div class='special-heading-border'><div class='special-heading-inner-border' ><\/div><\/div><\/div><\/p><\/div><div class=\"flex_column av_one_third  flex_column_div av-zero-column-padding   avia-builder-el-10  el_after_av_one_third  el_before_av_one_third  \" style='border-radius:0px; '><p><div  class='avia-image-container  av-styling-    avia-builder-el-11  el_before_av_heading  avia-builder-el-first  avia-align-center '  itemprop=\"image\" itemscope=\"itemscope\" itemtype=\"https:\/\/schema.org\/ImageObject\"  ><div class='avia-image-container-inner'><div class='avia-image-overlay-wrap'><img decoding=\"async\" class='wp-image-1133 avia-img-lazy-loading-not-1133 avia_image' src=\"https:\/\/www.flowtite.com\/wp-content\/uploads\/2020\/12\/Flowtite-potable-water-pipes-Stavanger-Norway.jpg\" alt='Flowtite potable water pipes Stavanger Norway' title='Flowtite-potable-water-pipes-Stavanger-Norway' height=\"200\" width=\"350\"  itemprop=\"thumbnailUrl\" srcset=\"https:\/\/www.flowtite.com\/wp-content\/uploads\/2020\/12\/Flowtite-potable-water-pipes-Stavanger-Norway.jpg 350w, https:\/\/www.flowtite.com\/wp-content\/uploads\/2020\/12\/Flowtite-potable-water-pipes-Stavanger-Norway-300x171.jpg 300w\" sizes=\"(max-width: 350px) 100vw, 350px\" \/><\/div><\/div><\/div><br \/>\n<div  style='padding-bottom:10px; ' class='av-special-heading av-special-heading-h3  blockquote modern-quote  avia-builder-el-12  el_after_av_image  avia-builder-el-last  '><h3 class='av-special-heading-tag '  itemprop=\"headline\"  >Woda pitna:<br \/> Bezpieczne dostawy czystej wody pitnej dla pokole\u0144<\/h3><div class ='av-subheading av-subheading_below  ' style='font-size:15px;'><p>Testowane i certyfikowane pod k\u0105tem jako\u015bci wody pitnej w wielu krajach na ca\u0142ym \u015bwiecie, rury Flowtite stanowi\u0105 rozwi\u0105zanie dla pokole\u0144.<\/p>\n<\/div><div class='special-heading-border'><div class='special-heading-inner-border' ><\/div><\/div><\/div><\/p><\/div><div class=\"flex_column av_one_third  flex_column_div av-zero-column-padding   avia-builder-el-13  el_after_av_one_third  el_before_av_one_third  \" style='border-radius:0px; '><p><div  class='avia-image-container  av-styling-    avia-builder-el-14  el_before_av_heading  avia-builder-el-first  avia-align-center '  itemprop=\"image\" itemscope=\"itemscope\" itemtype=\"https:\/\/schema.org\/ImageObject\"  ><div class='avia-image-container-inner'><div class='avia-image-overlay-wrap'><img decoding=\"async\" class='wp-image-1132 avia-img-lazy-loading-not-1132 avia_image' src=\"https:\/\/www.flowtite.com\/wp-content\/uploads\/2020\/12\/Flowtite-jacking-pipe-sewer-main-Bettembourg-Luxembourg.jpg\" alt='Flowtite jacking pipe sewer main Bettembourg Luxembourg' title='Flowtite-jacking-pipe-sewer-main-Bettembourg-Luxembourg' height=\"200\" width=\"350\"  itemprop=\"thumbnailUrl\" srcset=\"https:\/\/www.flowtite.com\/wp-content\/uploads\/2020\/12\/Flowtite-jacking-pipe-sewer-main-Bettembourg-Luxembourg.jpg 350w, https:\/\/www.flowtite.com\/wp-content\/uploads\/2020\/12\/Flowtite-jacking-pipe-sewer-main-Bettembourg-Luxembourg-300x171.jpg 300w\" sizes=\"(max-width: 350px) 100vw, 350px\" \/><\/div><\/div><\/div><br \/>\n<div  style='padding-bottom:10px; ' class='av-special-heading av-special-heading-h3  blockquote modern-quote  avia-builder-el-15  el_after_av_image  avia-builder-el-last  '><h3 class='av-special-heading-tag '  itemprop=\"headline\"  >Instalacje bezwykopowe:<br \/> Idealne rozwi\u0105zanie dla nieuci\u0105\u017cliwej instalacji w miastach<\/h3><div class ='av-subheading av-subheading_below  ' style='font-size:15px;'><p>Dzi\u0119ki wysokiej wytrzyma\u0142o\u015bci, niewielkiej wadze, g\u0142adkiej powierzchni wewn\u0119trznej i zewn\u0119trznej, rury Flowtite s\u0105 idealne dla instalacji bezwykopowych takich jak mikrotuneling i relining.<\/p>\n<\/div><div class='special-heading-border'><div class='special-heading-inner-border' ><\/div><\/div><\/div><\/p><\/div><div class=\"flex_column av_one_third  flex_column_div av-zero-column-padding first  avia-builder-el-16  el_after_av_one_third  el_before_av_one_third  column-top-margin\" style='border-radius:0px; '><p><div  class='avia-image-container  av-styling-    avia-builder-el-17  el_before_av_heading  avia-builder-el-first  avia-align-center '  itemprop=\"image\" itemscope=\"itemscope\" itemtype=\"https:\/\/schema.org\/ImageObject\"  ><div class='avia-image-container-inner'><div class='avia-image-overlay-wrap'><img decoding=\"async\" class='wp-image-1135 avia-img-lazy-loading-not-1135 avia_image' src=\"https:\/\/www.flowtite.com\/wp-content\/uploads\/2020\/12\/Flowtite-Hydropower-pipe-Vangpollen-Norway.jpg\" alt='Flowtite Hydropower pipe Vangpollen Norway' title='Flowtite-Hydropower-pipe-Vangpollen-Norway' height=\"200\" width=\"350\"  itemprop=\"thumbnailUrl\" srcset=\"https:\/\/www.flowtite.com\/wp-content\/uploads\/2020\/12\/Flowtite-Hydropower-pipe-Vangpollen-Norway.jpg 350w, https:\/\/www.flowtite.com\/wp-content\/uploads\/2020\/12\/Flowtite-Hydropower-pipe-Vangpollen-Norway-300x171.jpg 300w\" sizes=\"(max-width: 350px) 100vw, 350px\" \/><\/div><\/div><\/div><br \/>\n<div  style='padding-bottom:10px; ' class='av-special-heading av-special-heading-h3  blockquote modern-quote  avia-builder-el-18  el_after_av_image  avia-builder-el-last  '><h3 class='av-special-heading-tag '  itemprop=\"headline\"  >Elektrownie wodne:<br \/> Produkcja energii przy mniejszej emisji i wi\u0119kszych zwrotach z inwestycji.<\/h3><div class ='av-subheading av-subheading_below  ' style='font-size:15px;'><p>Bardzo g\u0142adka powierzchnia wewn\u0119trzna rur GRP Flowtite gwarantuje niskie straty ci\u015bnienia, maksymaln\u0105 wydajno\u015b\u0107 energetyczn\u0105 raz sta\u0142e parametry hydrauliczne.<\/p>\n<\/div><div class='special-heading-border'><div class='special-heading-inner-border' ><\/div><\/div><\/div><\/p><\/div><div class=\"flex_column av_one_third  flex_column_div av-zero-column-padding   avia-builder-el-19  el_after_av_one_third  el_before_av_one_third  column-top-margin\" style='border-radius:0px; '><p><div  class='avia-image-container  av-styling-    avia-builder-el-20  el_before_av_heading  avia-builder-el-first  avia-align-center '  itemprop=\"image\" itemscope=\"itemscope\" itemtype=\"https:\/\/schema.org\/ImageObject\"  ><div class='avia-image-container-inner'><div class='avia-image-overlay-wrap'><img decoding=\"async\" class='wp-image-1137 avia-img-lazy-loading-not-1137 avia_image' src=\"https:\/\/www.flowtite.com\/wp-content\/uploads\/2020\/12\/Flowtite-irrigation-pipes-Arabayona-installation.jpg\" alt='Flowtite irrigation pipes Arabayona installation' title='Flowtite-irrigation-pipes-Arabayona-installation' height=\"200\" width=\"350\"  itemprop=\"thumbnailUrl\" srcset=\"https:\/\/www.flowtite.com\/wp-content\/uploads\/2020\/12\/Flowtite-irrigation-pipes-Arabayona-installation.jpg 350w, https:\/\/www.flowtite.com\/wp-content\/uploads\/2020\/12\/Flowtite-irrigation-pipes-Arabayona-installation-300x171.jpg 300w\" sizes=\"(max-width: 350px) 100vw, 350px\" \/><\/div><\/div><\/div><br \/>\n<div  style='padding-bottom:10px; ' class='av-special-heading av-special-heading-h3  blockquote modern-quote  avia-builder-el-21  el_after_av_image  avia-builder-el-last  '><h3 class='av-special-heading-tag '  itemprop=\"headline\"  >Nawadnianie i woda surowar:<br \/> Wi\u0119ksze plony przy mniejszej ilo\u015bci wody, niezale\u017cnie od pogody<\/h3><div class ='av-subheading av-subheading_below  ' style='font-size:15px;'><p>Rury Flowtite do nawadniania umo\u017cliwiaj\u0105 kontrolowan\u0105 dystrybucj\u0119 wody, nie wymagaj\u0105 konserwacji i zdecydowanie zmniejszaj\u0105 koszty w ca\u0142ym cyklu \u017cycia systemu.<\/p>\n<\/div><div class='special-heading-border'><div class='special-heading-inner-border' ><\/div><\/div><\/div><\/p><\/div><div class=\"flex_column av_one_third  flex_column_div av-zero-column-padding   avia-builder-el-22  el_after_av_one_third  el_before_av_one_third  column-top-margin\" style='border-radius:0px; '><p><div  class='avia-image-container  av-styling-    avia-builder-el-23  el_before_av_heading  avia-builder-el-first  avia-align-center '  itemprop=\"image\" itemscope=\"itemscope\" itemtype=\"https:\/\/schema.org\/ImageObject\"  ><div class='avia-image-container-inner'><div class='avia-image-overlay-wrap'><img decoding=\"async\" class='wp-image-1134 avia-img-lazy-loading-not-1134 avia_image' src=\"https:\/\/www.flowtite.com\/wp-content\/uploads\/2020\/12\/Flowtite-Orange-pipes.jpg\" alt='Flowtite Orange pipes' title='Flowtite-Orange-pipes' height=\"200\" width=\"350\"  itemprop=\"thumbnailUrl\" srcset=\"https:\/\/www.flowtite.com\/wp-content\/uploads\/2020\/12\/Flowtite-Orange-pipes.jpg 350w, https:\/\/www.flowtite.com\/wp-content\/uploads\/2020\/12\/Flowtite-Orange-pipes-300x171.jpg 300w\" sizes=\"(max-width: 350px) 100vw, 350px\" \/><\/div><\/div><\/div><br \/>\n<div  style='padding-bottom:10px; ' class='av-special-heading av-special-heading-h3  blockquote modern-quote  avia-builder-el-24  el_after_av_image  avia-builder-el-last  '><h3 class='av-special-heading-tag '  itemprop=\"headline\"  >Flowtite Orange:<br \/> Specjalnyliner dla ekstremalnych warunk\u00f3w<\/h3><div class ='av-subheading av-subheading_below  ' style='font-size:15px;'><p>Rura Flowtite Orange umo\u017cliwia transport medi\u00f3w zawieraj\u0105cych wysoce \u015bcierne materia\u0142y, takie jak szlam z przemys\u0142u wydobywczego, woda deszczowa zawieraj\u0105ca ekstremalne ilo\u015bci piasku i \u017cwiru oraz inne zastosowania o ekstremalnym nara\u017ceniu na zu\u017cycie.<\/p>\n<\/div><div class='special-heading-border'><div class='special-heading-inner-border' ><\/div><\/div><\/div><\/p><\/div><div class=\"flex_column av_one_third  flex_column_div av-zero-column-padding first  avia-builder-el-25  el_after_av_one_third  el_before_av_hr  column-top-margin\" style='border-radius:0px; '><p><div  class='avia-image-container  av-styling-    avia-builder-el-26  el_before_av_heading  avia-builder-el-first  avia-align-center '  itemprop=\"image\" itemscope=\"itemscope\" itemtype=\"https:\/\/schema.org\/ImageObject\"  ><div class='avia-image-container-inner'><div class='avia-image-overlay-wrap'><img decoding=\"async\" class='wp-image-1138 avia-img-lazy-loading-not-1138 avia_image' src=\"https:\/\/www.flowtite.com\/wp-content\/uploads\/2020\/12\/Flowtite-industrial-pipes-worlds-largest-desalination-plant-Ras-Al-Khair-Saudi-Arabia.jpg\" alt='Flowtite industrial pipes worlds largest desalination plant Ras Al Khair Saudi Arabia' title='Flowtite-industrial-pipes-worlds-largest-desalination-plant-Ras-Al-Khair-Saudi-Arabia' height=\"200\" width=\"350\"  itemprop=\"thumbnailUrl\" srcset=\"https:\/\/www.flowtite.com\/wp-content\/uploads\/2020\/12\/Flowtite-industrial-pipes-worlds-largest-desalination-plant-Ras-Al-Khair-Saudi-Arabia.jpg 350w, https:\/\/www.flowtite.com\/wp-content\/uploads\/2020\/12\/Flowtite-industrial-pipes-worlds-largest-desalination-plant-Ras-Al-Khair-Saudi-Arabia-300x171.jpg 300w\" sizes=\"(max-width: 350px) 100vw, 350px\" \/><\/div><\/div><\/div><br \/>\n<div  style='padding-bottom:10px; ' class='av-special-heading av-special-heading-h3  blockquote modern-quote  avia-builder-el-27  el_after_av_image  avia-builder-el-last  '><h3 class='av-special-heading-tag '  itemprop=\"headline\"  >Przemys\u0142:<br \/> Projekty <span class='special_amp'>\u201e<\/span>pod klucz<span class='special_amp'>\u201d<\/span> w zastosowaniach przemys\u0142owych dla energetycznej przysz\u0142o\u015bci<\/h3><div class ='av-subheading av-subheading_below  ' style='font-size:15px;'><p>Rury Flowtite s\u0105 stosowane w r\u00f3\u017cnych ga\u0142\u0119ziach przemys\u0142u, w kt\u00f3rych nadzwyczajne warunki pracy wymagaj\u0105 materia\u0142\u00f3w odpornych chemicznie, mechanicznie i termicznie.<\/p>\n<\/div><div class='special-heading-border'><div class='special-heading-inner-border' ><\/div><\/div><\/div><\/p><\/div><div  style='height:20px' class='hr hr-invisible   avia-builder-el-28  el_after_av_one_third  el_before_av_button '><span class='hr-inner ' ><span class='hr-inner-style'><\/span><\/span><\/div>\n<div  class='avia-button-wrap avia-button-center  avia-builder-el-29  el_after_av_hr  avia-builder-el-last ' ><a href='https:\/\/www.amiblu.com\/applications\/' class='avia-button  avia-color-theme-color   avia-icon_select-no avia-size-medium avia-position-center ' target=\"_blank\" rel=\"noopener noreferrer\"><span class='avia_iconbox_title' >Wi\u0119cej o zastosowaniach rur GRP znajdziesz na stronie Amiblu.<\/span><\/a><\/div>\n\n","protected":false},"excerpt":{"rendered":"","protected":false},"author":2,"featured_media":0,"parent":0,"menu_order":8,"comment_status":"closed","ping_status":"closed","template":"","meta":{"footnotes":""},"class_list":["post-1130","page","type-page","status-publish","hentry"],"yoast_head":"<!-- This site is optimized with the Yoast SEO plugin v27.5 - https:\/\/yoast.com\/product\/yoast-seo-wordpress\/ -->\n<title>Zastosowania<\/title>\n<meta name=\"description\" content=\"Systemy rur GRP Flowtite znajduj\u0105 zastosowanie w systemach kanalizacyjnych i nawadniaj\u0105cych, w transporcie wody pitnej, w elektrowniach wodnych oraz w instalacjach bezwykopowych i przemys\u0142owych.\" \/>\n<meta name=\"robots\" content=\"index, follow, max-snippet:-1, max-image-preview:large, max-video-preview:-1\" \/>\n<link rel=\"canonical\" href=\"https:\/\/www.flowtite.com\/pl\/applications\/\" \/>\n<meta property=\"og:locale\" content=\"pl_PL\" \/>\n<meta property=\"og:type\" content=\"article\" \/>\n<meta property=\"og:title\" content=\"Zastosowania\" \/>\n<meta property=\"og:description\" content=\"Systemy rur GRP Flowtite znajduj\u0105 zastosowanie w systemach kanalizacyjnych i nawadniaj\u0105cych, w transporcie wody pitnej, w elektrowniach wodnych oraz w instalacjach bezwykopowych i przemys\u0142owych.\" \/>\n<meta property=\"og:url\" content=\"https:\/\/www.flowtite.com\/pl\/applications\/\" \/>\n<meta property=\"og:site_name\" content=\"Flowtite\" \/>\n<meta property=\"article:modified_time\" content=\"2021-01-25T12:33:50+00:00\" \/>\n<meta name=\"twitter:card\" content=\"summary_large_image\" \/>\n<meta name=\"twitter:label1\" content=\"Szacowany czas czytania\" \/>\n\t<meta name=\"twitter:data1\" content=\"6 minut\" \/>\n<script type=\"application\/ld+json\" class=\"yoast-schema-graph\">{\"@context\":\"https:\\\/\\\/schema.org\",\"@graph\":[{\"@type\":\"WebPage\",\"@id\":\"https:\\\/\\\/www.flowtite.com\\\/pl\\\/applications\\\/\",\"url\":\"https:\\\/\\\/www.flowtite.com\\\/pl\\\/applications\\\/\",\"name\":\"Zastosowania\",\"isPartOf\":{\"@id\":\"https:\\\/\\\/www.flowtite.com\\\/#website\"},\"datePublished\":\"2020-12-11T16:51:53+00:00\",\"dateModified\":\"2021-01-25T12:33:50+00:00\",\"description\":\"Systemy rur GRP Flowtite znajduj\u0105 zastosowanie w systemach kanalizacyjnych i nawadniaj\u0105cych, w transporcie wody pitnej, w elektrowniach wodnych oraz w instalacjach bezwykopowych i przemys\u0142owych.\",\"breadcrumb\":{\"@id\":\"https:\\\/\\\/www.flowtite.com\\\/pl\\\/applications\\\/#breadcrumb\"},\"inLanguage\":\"pl-PL\",\"potentialAction\":[{\"@type\":\"ReadAction\",\"target\":[\"https:\\\/\\\/www.flowtite.com\\\/pl\\\/applications\\\/\"]}]},{\"@type\":\"BreadcrumbList\",\"@id\":\"https:\\\/\\\/www.flowtite.com\\\/pl\\\/applications\\\/#breadcrumb\",\"itemListElement\":[{\"@type\":\"ListItem\",\"position\":1,\"name\":\"Home\",\"item\":\"https:\\\/\\\/www.flowtite.com\\\/pl\\\/\"},{\"@type\":\"ListItem\",\"position\":2,\"name\":\"Zastosowania\"}]},{\"@type\":\"WebSite\",\"@id\":\"https:\\\/\\\/www.flowtite.com\\\/#website\",\"url\":\"https:\\\/\\\/www.flowtite.com\\\/\",\"name\":\"Flowtite\",\"description\":\"\",\"potentialAction\":[{\"@type\":\"SearchAction\",\"target\":{\"@type\":\"EntryPoint\",\"urlTemplate\":\"https:\\\/\\\/www.flowtite.com\\\/?s={search_term_string}\"},\"query-input\":{\"@type\":\"PropertyValueSpecification\",\"valueRequired\":true,\"valueName\":\"search_term_string\"}}],\"inLanguage\":\"pl-PL\"}]}<\/script>\n<!-- \/ Yoast SEO plugin. -->","yoast_head_json":{"title":"Zastosowania","description":"Systemy rur GRP Flowtite znajduj\u0105 zastosowanie w systemach kanalizacyjnych i nawadniaj\u0105cych, w transporcie wody pitnej, w elektrowniach wodnych oraz w instalacjach bezwykopowych i przemys\u0142owych.","robots":{"index":"index","follow":"follow","max-snippet":"max-snippet:-1","max-image-preview":"max-image-preview:large","max-video-preview":"max-video-preview:-1"},"canonical":"https:\/\/www.flowtite.com\/pl\/applications\/","og_locale":"pl_PL","og_type":"article","og_title":"Zastosowania","og_description":"Systemy rur GRP Flowtite znajduj\u0105 zastosowanie w systemach kanalizacyjnych i nawadniaj\u0105cych, w transporcie wody pitnej, w elektrowniach wodnych oraz w instalacjach bezwykopowych i przemys\u0142owych.","og_url":"https:\/\/www.flowtite.com\/pl\/applications\/","og_site_name":"Flowtite","article_modified_time":"2021-01-25T12:33:50+00:00","twitter_card":"summary_large_image","twitter_misc":{"Szacowany czas czytania":"6 minut"},"schema":{"@context":"https:\/\/schema.org","@graph":[{"@type":"WebPage","@id":"https:\/\/www.flowtite.com\/pl\/applications\/","url":"https:\/\/www.flowtite.com\/pl\/applications\/","name":"Zastosowania","isPartOf":{"@id":"https:\/\/www.flowtite.com\/#website"},"datePublished":"2020-12-11T16:51:53+00:00","dateModified":"2021-01-25T12:33:50+00:00","description":"Systemy rur GRP Flowtite znajduj\u0105 zastosowanie w systemach kanalizacyjnych i nawadniaj\u0105cych, w transporcie wody pitnej, w elektrowniach wodnych oraz w instalacjach bezwykopowych i przemys\u0142owych.","breadcrumb":{"@id":"https:\/\/www.flowtite.com\/pl\/applications\/#breadcrumb"},"inLanguage":"pl-PL","potentialAction":[{"@type":"ReadAction","target":["https:\/\/www.flowtite.com\/pl\/applications\/"]}]},{"@type":"BreadcrumbList","@id":"https:\/\/www.flowtite.com\/pl\/applications\/#breadcrumb","itemListElement":[{"@type":"ListItem","position":1,"name":"Home","item":"https:\/\/www.flowtite.com\/pl\/"},{"@type":"ListItem","position":2,"name":"Zastosowania"}]},{"@type":"WebSite","@id":"https:\/\/www.flowtite.com\/#website","url":"https:\/\/www.flowtite.com\/","name":"Flowtite","description":"","potentialAction":[{"@type":"SearchAction","target":{"@type":"EntryPoint","urlTemplate":"https:\/\/www.flowtite.com\/?s={search_term_string}"},"query-input":{"@type":"PropertyValueSpecification","valueRequired":true,"valueName":"search_term_string"}}],"inLanguage":"pl-PL"}]}},"_links":{"self":[{"href":"https:\/\/www.flowtite.com\/pl\/wp-json\/wp\/v2\/pages\/1130","targetHints":{"allow":["GET"]}}],"collection":[{"href":"https:\/\/www.flowtite.com\/pl\/wp-json\/wp\/v2\/pages"}],"about":[{"href":"https:\/\/www.flowtite.com\/pl\/wp-json\/wp\/v2\/types\/page"}],"author":[{"embeddable":true,"href":"https:\/\/www.flowtite.com\/pl\/wp-json\/wp\/v2\/users\/2"}],"replies":[{"embeddable":true,"href":"https:\/\/www.flowtite.com\/pl\/wp-json\/wp\/v2\/comments?post=1130"}],"version-history":[{"count":2,"href":"https:\/\/www.flowtite.com\/pl\/wp-json\/wp\/v2\/pages\/1130\/revisions"}],"predecessor-version":[{"id":1331,"href":"https:\/\/www.flowtite.com\/pl\/wp-json\/wp\/v2\/pages\/1130\/revisions\/1331"}],"wp:attachment":[{"href":"https:\/\/www.flowtite.com\/pl\/wp-json\/wp\/v2\/media?parent=1130"}],"curies":[{"name":"wp","href":"https:\/\/api.w.org\/{rel}","templated":true}]}}