{"id":644,"date":"2020-12-11T16:57:55","date_gmt":"2020-12-11T16:57:55","guid":{"rendered":"http:\/\/wp.amiblu.com\/disclaimer\/"},"modified":"2021-01-25T12:13:50","modified_gmt":"2021-01-25T12:13:50","slug":"disclaimer","status":"publish","type":"page","link":"https:\/\/www.flowtite.com\/fr\/disclaimer\/","title":{"rendered":"Mentions l\u00e9gales"},"content":{"rendered":"<div  style='padding-bottom:10px; ' class='av-special-heading av-special-heading-h1  blockquote modern-quote  avia-builder-el-0  el_before_av_textblock  avia-builder-el-first  '><h1 class='av-special-heading-tag '  itemprop=\"headline\"  >Mentions l\u00e9gales<\/h1><div class='special-heading-border'><div class='special-heading-inner-border' ><\/div><\/div><\/div>\n<section class=\"av_textblock_section \"  itemscope=\"itemscope\" itemtype=\"https:\/\/schema.org\/CreativeWork\" ><div class='avia_textblock  '   itemprop=\"text\" ><p><strong>Amiblu Holding GmbH<\/strong><br \/>\nSterneckstra\u00dfe 19<br \/>\n9020 Klagenfurt<br \/>\nAustria<\/p>\n<p>+43.463.48 24 24<br \/>\n<a href=\"mailto:info@amiblu.com\">info@amiblu.com<\/a><\/p>\n<p>Comp. Reg. No.: FN 105310 v<br \/>\nCourt: Landesgericht Klagenfurt<br \/>\nVAT No.: ATU25771304<\/p>\n<p>Pour en savoir plus sur Amiblu Holding GmbH :\u00a0<a href=\"https:\/\/firmen.wko.at\/Web\/DetailsKontakt.aspx?FirmaID=e546ad47-e808-4dd4-b150-fb0d6599b9c9&#038;StandortID=0&#038;Suchbegriff=amiblu&#038;Page=1\" target=\"_blank\" rel=\"noopener noreferrer\">https:\/\/firmen.wko.at\/<\/a>.<\/p>\n<p>Les mentions l\u00e9gales s\u2019appliquent \u00e9galement aux m\u00e9dias sociaux ci-dessous :<\/p>\n<ul>\n<li><a href=\"http:\/\/www.facebook.com\/amiblupipes\" target=\"_blank\" rel=\"noopener noreferrer\">www.facebook.com\/amiblupipes<\/a><\/li>\n<li><a href=\"http:\/\/www.twitter.com\/Amiblupipes\" target=\"_blank\" rel=\"noopener noreferrer\">www.twitter.com\/Amiblupipes<\/a><\/li>\n<li><a href=\"https:\/\/www.linkedin.com\/company\/amiblupipes\/\" target=\"_blank\" rel=\"noopener noreferrer\">www.linkedin.com\/company\/amiblupipes<\/a><\/li>\n<li><a href=\"https:\/\/www.youtube.com\/channel\/UCqRDAF0I87MFEAM3nkcOdEw\" target=\"_blank\" rel=\"noopener noreferrer\">www.youtube.com\/channel\/UCqRDAF0I87MFEAM3nkcOdEw<\/a><\/li>\n<li style=\"list-style-type: none;\"><\/li>\n<\/ul>\n<\/div><\/section>\n<div   class='hr hr-default   avia-builder-el-2  el_after_av_textblock  el_before_av_heading '><span class='hr-inner ' ><span class='hr-inner-style'><\/span><\/span><\/div>\n<div  style='padding-bottom:10px; ' class='av-special-heading av-special-heading-h2  blockquote modern-quote  avia-builder-el-3  el_after_av_hr  el_before_av_textblock  '><h2 class='av-special-heading-tag '  itemprop=\"headline\"  >Clause de non-responsabilit\u00e9<\/h2><div class='special-heading-border'><div class='special-heading-inner-border' ><\/div><\/div><\/div>\n<section class=\"av_textblock_section \"  itemscope=\"itemscope\" itemtype=\"https:\/\/schema.org\/CreativeWork\" ><div class='avia_textblock  '   itemprop=\"text\" ><p><strong>Dispositions concernant les donn\u00e9es g\u00e9n\u00e9rales et les informations<br \/>\n<\/strong>Amiblu fait en sorte de publier des informations et des donn\u00e9es fiables. Amiblu se r\u00e9serve le droit de modifier ou d\u2019ajouter des informations ou donn\u00e9es sans pr\u00e9avis.<\/p>\n<p><strong>Responsabilit\u00e9s<br \/>\n<\/strong>Les informations contenues sur les sites internet Amiblu ont \u00e9t\u00e9 \u00e9tudi\u00e9es avec la plus grande attention et sont continuellement mises \u00e0 jour. Cependant, malgr\u00e9 tous nos efforts, nous ne pouvons garantir l\u2019absence d\u2019erreurs. Nous d\u00e9clinons toute responsabilit\u00e9 et ne garantissons pas la totale fiabilit\u00e9, l\u2019exactitude ou l\u2019exhaustivit\u00e9 des informations et donn\u00e9es mises \u00e0 disposition.<\/p>\n<p><strong>Droits d\u2019auteur<br \/>\n<\/strong>Le contenu des siteweb Flowtite est prot\u00e9g\u00e9 par le droit d\u2019auteur. La copie, la diffusion, le stockage, la reproduction et le transfert de toutes les informations ou donn\u00e9es, en particulier l\u2019utilisation des textes, parties de textes ou images, ou autres documents publi\u00e9s sur les sites internet, est express\u00e9ment interdit sans l\u2019accord \u00e9crit pr\u00e9alable de Amiblu Holding GmbH.<\/p>\n<p><strong>Droit applicable<br \/>\n<\/strong>Toute information ou donn\u00e9e, leur utilisation, la connexion aux sites internet Amiblu ainsi que toute action associ\u00e9e, inaction ou omission sont soumis exclusivement \u00e0 la l\u00e9gislation autrichienne. Le tribunal comp\u00e9tent est celui de Klagenfurt.<\/p>\n<\/div><\/section>\n","protected":false},"excerpt":{"rendered":"","protected":false},"author":2,"featured_media":0,"parent":0,"menu_order":28,"comment_status":"closed","ping_status":"closed","template":"","meta":{"footnotes":""},"class_list":["post-644","page","type-page","status-publish","hentry"],"yoast_head":"<!-- This site is optimized with the Yoast SEO plugin v27.5 - https:\/\/yoast.com\/product\/yoast-seo-wordpress\/ -->\n<title>Mentions l\u00e9gales - Flowtite<\/title>\n<meta name=\"description\" content=\"Amiblu fait en sorte de publier des informations et des donn\u00e9es fiables.\" \/>\n<meta name=\"robots\" content=\"index, follow, max-snippet:-1, max-image-preview:large, max-video-preview:-1\" \/>\n<link rel=\"canonical\" href=\"https:\/\/www.flowtite.com\/fr\/disclaimer\/\" \/>\n<meta property=\"og:locale\" content=\"fr_FR\" \/>\n<meta property=\"og:type\" content=\"article\" \/>\n<meta property=\"og:title\" content=\"Mentions l\u00e9gales - Flowtite\" \/>\n<meta property=\"og:description\" content=\"Amiblu fait en sorte de publier des informations et des donn\u00e9es fiables.\" \/>\n<meta property=\"og:url\" content=\"https:\/\/www.flowtite.com\/fr\/disclaimer\/\" \/>\n<meta property=\"og:site_name\" content=\"Flowtite\" \/>\n<meta property=\"article:modified_time\" content=\"2021-01-25T12:13:50+00:00\" \/>\n<meta name=\"twitter:card\" content=\"summary_large_image\" \/>\n<meta name=\"twitter:label1\" content=\"Dur\u00e9e de lecture estim\u00e9e\" \/>\n\t<meta name=\"twitter:data1\" content=\"2 minutes\" \/>\n<script type=\"application\/ld+json\" class=\"yoast-schema-graph\">{\"@context\":\"https:\\\/\\\/schema.org\",\"@graph\":[{\"@type\":\"WebPage\",\"@id\":\"https:\\\/\\\/www.flowtite.com\\\/fr\\\/disclaimer\\\/\",\"url\":\"https:\\\/\\\/www.flowtite.com\\\/fr\\\/disclaimer\\\/\",\"name\":\"Mentions l\u00e9gales - Flowtite\",\"isPartOf\":{\"@id\":\"https:\\\/\\\/www.flowtite.com\\\/#website\"},\"datePublished\":\"2020-12-11T16:57:55+00:00\",\"dateModified\":\"2021-01-25T12:13:50+00:00\",\"description\":\"Amiblu fait en sorte de publier des informations et des donn\u00e9es fiables.\",\"breadcrumb\":{\"@id\":\"https:\\\/\\\/www.flowtite.com\\\/fr\\\/disclaimer\\\/#breadcrumb\"},\"inLanguage\":\"fr-FR\",\"potentialAction\":[{\"@type\":\"ReadAction\",\"target\":[\"https:\\\/\\\/www.flowtite.com\\\/fr\\\/disclaimer\\\/\"]}]},{\"@type\":\"BreadcrumbList\",\"@id\":\"https:\\\/\\\/www.flowtite.com\\\/fr\\\/disclaimer\\\/#breadcrumb\",\"itemListElement\":[{\"@type\":\"ListItem\",\"position\":1,\"name\":\"Home\",\"item\":\"https:\\\/\\\/www.flowtite.com\\\/fr\\\/\"},{\"@type\":\"ListItem\",\"position\":2,\"name\":\"Mentions l\u00e9gales\"}]},{\"@type\":\"WebSite\",\"@id\":\"https:\\\/\\\/www.flowtite.com\\\/#website\",\"url\":\"https:\\\/\\\/www.flowtite.com\\\/\",\"name\":\"Flowtite\",\"description\":\"\",\"potentialAction\":[{\"@type\":\"SearchAction\",\"target\":{\"@type\":\"EntryPoint\",\"urlTemplate\":\"https:\\\/\\\/www.flowtite.com\\\/?s={search_term_string}\"},\"query-input\":{\"@type\":\"PropertyValueSpecification\",\"valueRequired\":true,\"valueName\":\"search_term_string\"}}],\"inLanguage\":\"fr-FR\"}]}<\/script>\n<!-- \/ Yoast SEO plugin. -->","yoast_head_json":{"title":"Mentions l\u00e9gales - Flowtite","description":"Amiblu fait en sorte de publier des informations et des donn\u00e9es fiables.","robots":{"index":"index","follow":"follow","max-snippet":"max-snippet:-1","max-image-preview":"max-image-preview:large","max-video-preview":"max-video-preview:-1"},"canonical":"https:\/\/www.flowtite.com\/fr\/disclaimer\/","og_locale":"fr_FR","og_type":"article","og_title":"Mentions l\u00e9gales - Flowtite","og_description":"Amiblu fait en sorte de publier des informations et des donn\u00e9es fiables.","og_url":"https:\/\/www.flowtite.com\/fr\/disclaimer\/","og_site_name":"Flowtite","article_modified_time":"2021-01-25T12:13:50+00:00","twitter_card":"summary_large_image","twitter_misc":{"Dur\u00e9e de lecture estim\u00e9e":"2 minutes"},"schema":{"@context":"https:\/\/schema.org","@graph":[{"@type":"WebPage","@id":"https:\/\/www.flowtite.com\/fr\/disclaimer\/","url":"https:\/\/www.flowtite.com\/fr\/disclaimer\/","name":"Mentions l\u00e9gales - Flowtite","isPartOf":{"@id":"https:\/\/www.flowtite.com\/#website"},"datePublished":"2020-12-11T16:57:55+00:00","dateModified":"2021-01-25T12:13:50+00:00","description":"Amiblu fait en sorte de publier des informations et des donn\u00e9es fiables.","breadcrumb":{"@id":"https:\/\/www.flowtite.com\/fr\/disclaimer\/#breadcrumb"},"inLanguage":"fr-FR","potentialAction":[{"@type":"ReadAction","target":["https:\/\/www.flowtite.com\/fr\/disclaimer\/"]}]},{"@type":"BreadcrumbList","@id":"https:\/\/www.flowtite.com\/fr\/disclaimer\/#breadcrumb","itemListElement":[{"@type":"ListItem","position":1,"name":"Home","item":"https:\/\/www.flowtite.com\/fr\/"},{"@type":"ListItem","position":2,"name":"Mentions l\u00e9gales"}]},{"@type":"WebSite","@id":"https:\/\/www.flowtite.com\/#website","url":"https:\/\/www.flowtite.com\/","name":"Flowtite","description":"","potentialAction":[{"@type":"SearchAction","target":{"@type":"EntryPoint","urlTemplate":"https:\/\/www.flowtite.com\/?s={search_term_string}"},"query-input":{"@type":"PropertyValueSpecification","valueRequired":true,"valueName":"search_term_string"}}],"inLanguage":"fr-FR"}]}},"_links":{"self":[{"href":"https:\/\/www.flowtite.com\/fr\/wp-json\/wp\/v2\/pages\/644","targetHints":{"allow":["GET"]}}],"collection":[{"href":"https:\/\/www.flowtite.com\/fr\/wp-json\/wp\/v2\/pages"}],"about":[{"href":"https:\/\/www.flowtite.com\/fr\/wp-json\/wp\/v2\/types\/page"}],"author":[{"embeddable":true,"href":"https:\/\/www.flowtite.com\/fr\/wp-json\/wp\/v2\/users\/2"}],"replies":[{"embeddable":true,"href":"https:\/\/www.flowtite.com\/fr\/wp-json\/wp\/v2\/comments?post=644"}],"version-history":[{"count":4,"href":"https:\/\/www.flowtite.com\/fr\/wp-json\/wp\/v2\/pages\/644\/revisions"}],"predecessor-version":[{"id":1520,"href":"https:\/\/www.flowtite.com\/fr\/wp-json\/wp\/v2\/pages\/644\/revisions\/1520"}],"wp:attachment":[{"href":"https:\/\/www.flowtite.com\/fr\/wp-json\/wp\/v2\/media?parent=644"}],"curies":[{"name":"wp","href":"https:\/\/api.w.org\/{rel}","templated":true}]}}