{"id":1278,"date":"2020-12-11T16:57:55","date_gmt":"2020-12-11T16:57:55","guid":{"rendered":"http:\/\/wp.amiblu.com\/disclaimer\/"},"modified":"2021-01-25T12:51:06","modified_gmt":"2021-01-25T12:51:06","slug":"disclaimer","status":"publish","type":"page","link":"https:\/\/www.flowtite.com\/es\/disclaimer\/","title":{"rendered":"Aviso legal"},"content":{"rendered":"<div  style='padding-bottom:10px; ' class='av-special-heading av-special-heading-h1  blockquote modern-quote  avia-builder-el-0  el_before_av_textblock  avia-builder-el-first  '><h1 class='av-special-heading-tag '  itemprop=\"headline\"  >Impresi\u00f3n<\/h1><div class='special-heading-border'><div class='special-heading-inner-border' ><\/div><\/div><\/div>\n<section class=\"av_textblock_section \"  itemscope=\"itemscope\" itemtype=\"https:\/\/schema.org\/CreativeWork\" ><div class='avia_textblock  '   itemprop=\"text\" ><p><strong>Amiblu Holding GmbH<\/strong><br \/>\nSterneckstra\u00dfe 19<br \/>\n9020 Klagenfurt<br \/>\nAustria<\/p>\n<p>+43.463.48 24 24<br \/>\n<a href=\"mailto:info@amiblu.com\">info@amiblu.com<\/a><\/p>\n<p>N\u00fam. Reg. Cia.: FN 105310 v<br \/>\nCorte: Landesgericht Klagenfurt<br \/>\nNIF: ATU25771304<\/p>\n<p>Amiblu Holding GmbH es miembro de la C\u00e1mara de Comercio de Austria de acuerdo con las respectivas provisiones legales. En la web oficial\u00a0<a href=\"https:\/\/firmen.wko.at\/WEB\/DetailsKontakt.aspx?FirmaID=e546ad47-e808-4dd4-b150-fb0d6599b9c9&#038;StandortID=0&#038;Suchbegriff=amiblu&#038;Page=1\" target=\"_blank\" rel=\"noopener noreferrer\">https:\/\/firmen.wko.at\/<\/a>\u00a0encontraran algunos miembros de varios cuerpos de la C\u00e1mara de Comercio.<\/p>\n<p>Este impreso tambi\u00e9n se aplica para las siguientes redes sociales:<\/p>\n<ul>\n<li><a href=\"http:\/\/www.facebook.com\/amiblupipes\" target=\"_blank\" rel=\"noopener noreferrer\">www.facebook.com\/amiblupipes<\/a><\/li>\n<li><a href=\"http:\/\/www.twitter.com\/Amiblupipes\" target=\"_blank\" rel=\"noopener noreferrer\">www.twitter.com\/Amiblupipes<\/a><\/li>\n<li><a href=\"https:\/\/www.linkedin.com\/company\/amiblupipes\/\" target=\"_blank\" rel=\"noopener noreferrer\">www.linkedin.com\/company\/amiblupipes<\/a><\/li>\n<li><a href=\"https:\/\/www.youtube.com\/channel\/UCqRDAF0I87MFEAM3nkcOdEw\" target=\"_blank\" rel=\"noopener noreferrer\">www.youtube.com\/channel\/UCqRDAF0I87MFEAM3nkcOdEw<\/a><\/li>\n<\/ul>\n<\/div><\/section>\n<div   class='hr hr-default   avia-builder-el-2  el_after_av_textblock  el_before_av_heading '><span class='hr-inner ' ><span class='hr-inner-style'><\/span><\/span><\/div>\n<div  style='padding-bottom:10px; ' class='av-special-heading av-special-heading-h2  blockquote modern-quote  avia-builder-el-3  el_after_av_hr  el_before_av_textblock  '><h2 class='av-special-heading-tag '  itemprop=\"headline\"  >Aviso legal<\/h2><div class='special-heading-border'><div class='special-heading-inner-border' ><\/div><\/div><\/div>\n<section class=\"av_textblock_section \"  itemscope=\"itemscope\" itemtype=\"https:\/\/schema.org\/CreativeWork\" ><div class='avia_textblock  '   itemprop=\"text\" ><p><strong>Publicaci\u00f3n de datos e informaci\u00f3n general<br \/>\n<\/strong>Amiblu hace todo lo posible para garantizar que la informaci\u00f3n y los datos que la p\u00e1gina web contiene sean correctos. Amiblu se reserva el derecho de modificar o complementar la informaci\u00f3n o datos suministrados sin previo aviso.<\/p>\n<p><strong>Responsabilidad<br \/>\n<\/strong>La informaci\u00f3n que le proporcionamos en las p\u00e1ginas web de Flowtite se ha recopilado con la mayor atenci\u00f3n posible y se actualiza constantemente. A pesar de nuestros esfuerzos, no se garantiza la ausencia de errores. Se excluye toda responsabilidad y toda garant\u00eda respecto a la vigencia, correcci\u00f3nd o integridad de la informaci\u00f3n y los datos proporcionados.<\/p>\n<p><strong>Copyright<br \/>\n<\/strong>El contenido de las p\u00e1ginas web de Flowtite est\u00e1 protegido por derechos de autor. La copia, difusi\u00f3n, almacenamiento, reproducci\u00f3n y transmisi\u00f3n de toda la informaci\u00f3n o datos, particularmente el uso de textos, partes de textos o im\u00e1genes u otros trabajos publicados en las p\u00e1ginas web, queda expresamente prohibida sin el consentimiento previo de Amiblu Holding GmbH. Los textos e im\u00e1genes del \u00e1rea de \u00abNoticias\u00bb cuya funci\u00f3n es la de distribuci\u00f3n quedan exentos de lo anterior.<\/p>\n<p><strong>Legislaci\u00f3n aplicable<br \/>\n<\/strong>Toda la informaci\u00f3n o datos, su uso, el ingreso en p\u00e1ginas web de Flowtite, adem\u00e1s de cualquier acci\u00f3n, inacci\u00f3n u omisi\u00f3n asociada, quedan sujetos exclusivamente a la ley austr\u00edaca. El lugar de jurisdicci\u00f3n es Klagenfurt.<\/p>\n<\/div><\/section>\n","protected":false},"excerpt":{"rendered":"","protected":false},"author":2,"featured_media":0,"parent":0,"menu_order":28,"comment_status":"closed","ping_status":"closed","template":"","meta":{"footnotes":""},"class_list":["post-1278","page","type-page","status-publish","hentry"],"yoast_head":"<!-- This site is optimized with the Yoast SEO plugin v27.5 - https:\/\/yoast.com\/product\/yoast-seo-wordpress\/ -->\n<title>Aviso legal - Flowtite<\/title>\n<meta name=\"description\" content=\"Hacemos todo lo posible para garantizar que la informaci\u00f3n y los datos que la p\u00e1gina web contiene sean correctos.\" \/>\n<meta name=\"robots\" content=\"index, follow, max-snippet:-1, max-image-preview:large, max-video-preview:-1\" \/>\n<link rel=\"canonical\" href=\"https:\/\/www.flowtite.com\/es\/disclaimer\/\" \/>\n<meta property=\"og:locale\" content=\"es_ES\" \/>\n<meta property=\"og:type\" content=\"article\" \/>\n<meta property=\"og:title\" content=\"Aviso legal - Flowtite\" \/>\n<meta property=\"og:description\" content=\"Hacemos todo lo posible para garantizar que la informaci\u00f3n y los datos que la p\u00e1gina web contiene sean correctos.\" \/>\n<meta property=\"og:url\" content=\"https:\/\/www.flowtite.com\/es\/disclaimer\/\" \/>\n<meta property=\"og:site_name\" content=\"Flowtite\" \/>\n<meta property=\"article:modified_time\" content=\"2021-01-25T12:51:06+00:00\" \/>\n<meta name=\"twitter:card\" content=\"summary_large_image\" \/>\n<meta name=\"twitter:label1\" content=\"Tiempo de lectura\" \/>\n\t<meta name=\"twitter:data1\" content=\"2 minutos\" \/>\n<script type=\"application\/ld+json\" class=\"yoast-schema-graph\">{\"@context\":\"https:\\\/\\\/schema.org\",\"@graph\":[{\"@type\":\"WebPage\",\"@id\":\"https:\\\/\\\/www.flowtite.com\\\/es\\\/disclaimer\\\/\",\"url\":\"https:\\\/\\\/www.flowtite.com\\\/es\\\/disclaimer\\\/\",\"name\":\"Aviso legal - Flowtite\",\"isPartOf\":{\"@id\":\"https:\\\/\\\/www.flowtite.com\\\/#website\"},\"datePublished\":\"2020-12-11T16:57:55+00:00\",\"dateModified\":\"2021-01-25T12:51:06+00:00\",\"description\":\"Hacemos todo lo posible para garantizar que la informaci\u00f3n y los datos que la p\u00e1gina web contiene sean correctos.\",\"breadcrumb\":{\"@id\":\"https:\\\/\\\/www.flowtite.com\\\/es\\\/disclaimer\\\/#breadcrumb\"},\"inLanguage\":\"es\",\"potentialAction\":[{\"@type\":\"ReadAction\",\"target\":[\"https:\\\/\\\/www.flowtite.com\\\/es\\\/disclaimer\\\/\"]}]},{\"@type\":\"BreadcrumbList\",\"@id\":\"https:\\\/\\\/www.flowtite.com\\\/es\\\/disclaimer\\\/#breadcrumb\",\"itemListElement\":[{\"@type\":\"ListItem\",\"position\":1,\"name\":\"Home\",\"item\":\"https:\\\/\\\/www.flowtite.com\\\/es\\\/\"},{\"@type\":\"ListItem\",\"position\":2,\"name\":\"Aviso legal\"}]},{\"@type\":\"WebSite\",\"@id\":\"https:\\\/\\\/www.flowtite.com\\\/#website\",\"url\":\"https:\\\/\\\/www.flowtite.com\\\/\",\"name\":\"Flowtite\",\"description\":\"\",\"potentialAction\":[{\"@type\":\"SearchAction\",\"target\":{\"@type\":\"EntryPoint\",\"urlTemplate\":\"https:\\\/\\\/www.flowtite.com\\\/?s={search_term_string}\"},\"query-input\":{\"@type\":\"PropertyValueSpecification\",\"valueRequired\":true,\"valueName\":\"search_term_string\"}}],\"inLanguage\":\"es\"}]}<\/script>\n<!-- \/ Yoast SEO plugin. -->","yoast_head_json":{"title":"Aviso legal - Flowtite","description":"Hacemos todo lo posible para garantizar que la informaci\u00f3n y los datos que la p\u00e1gina web contiene sean correctos.","robots":{"index":"index","follow":"follow","max-snippet":"max-snippet:-1","max-image-preview":"max-image-preview:large","max-video-preview":"max-video-preview:-1"},"canonical":"https:\/\/www.flowtite.com\/es\/disclaimer\/","og_locale":"es_ES","og_type":"article","og_title":"Aviso legal - Flowtite","og_description":"Hacemos todo lo posible para garantizar que la informaci\u00f3n y los datos que la p\u00e1gina web contiene sean correctos.","og_url":"https:\/\/www.flowtite.com\/es\/disclaimer\/","og_site_name":"Flowtite","article_modified_time":"2021-01-25T12:51:06+00:00","twitter_card":"summary_large_image","twitter_misc":{"Tiempo de lectura":"2 minutos"},"schema":{"@context":"https:\/\/schema.org","@graph":[{"@type":"WebPage","@id":"https:\/\/www.flowtite.com\/es\/disclaimer\/","url":"https:\/\/www.flowtite.com\/es\/disclaimer\/","name":"Aviso legal - Flowtite","isPartOf":{"@id":"https:\/\/www.flowtite.com\/#website"},"datePublished":"2020-12-11T16:57:55+00:00","dateModified":"2021-01-25T12:51:06+00:00","description":"Hacemos todo lo posible para garantizar que la informaci\u00f3n y los datos que la p\u00e1gina web contiene sean correctos.","breadcrumb":{"@id":"https:\/\/www.flowtite.com\/es\/disclaimer\/#breadcrumb"},"inLanguage":"es","potentialAction":[{"@type":"ReadAction","target":["https:\/\/www.flowtite.com\/es\/disclaimer\/"]}]},{"@type":"BreadcrumbList","@id":"https:\/\/www.flowtite.com\/es\/disclaimer\/#breadcrumb","itemListElement":[{"@type":"ListItem","position":1,"name":"Home","item":"https:\/\/www.flowtite.com\/es\/"},{"@type":"ListItem","position":2,"name":"Aviso legal"}]},{"@type":"WebSite","@id":"https:\/\/www.flowtite.com\/#website","url":"https:\/\/www.flowtite.com\/","name":"Flowtite","description":"","potentialAction":[{"@type":"SearchAction","target":{"@type":"EntryPoint","urlTemplate":"https:\/\/www.flowtite.com\/?s={search_term_string}"},"query-input":{"@type":"PropertyValueSpecification","valueRequired":true,"valueName":"search_term_string"}}],"inLanguage":"es"}]}},"_links":{"self":[{"href":"https:\/\/www.flowtite.com\/es\/wp-json\/wp\/v2\/pages\/1278","targetHints":{"allow":["GET"]}}],"collection":[{"href":"https:\/\/www.flowtite.com\/es\/wp-json\/wp\/v2\/pages"}],"about":[{"href":"https:\/\/www.flowtite.com\/es\/wp-json\/wp\/v2\/types\/page"}],"author":[{"embeddable":true,"href":"https:\/\/www.flowtite.com\/es\/wp-json\/wp\/v2\/users\/2"}],"replies":[{"embeddable":true,"href":"https:\/\/www.flowtite.com\/es\/wp-json\/wp\/v2\/comments?post=1278"}],"version-history":[{"count":3,"href":"https:\/\/www.flowtite.com\/es\/wp-json\/wp\/v2\/pages\/1278\/revisions"}],"predecessor-version":[{"id":1538,"href":"https:\/\/www.flowtite.com\/es\/wp-json\/wp\/v2\/pages\/1278\/revisions\/1538"}],"wp:attachment":[{"href":"https:\/\/www.flowtite.com\/es\/wp-json\/wp\/v2\/media?parent=1278"}],"curies":[{"name":"wp","href":"https:\/\/api.w.org\/{rel}","templated":true}]}}