{"id":1247,"date":"2020-12-11T16:56:47","date_gmt":"2020-12-11T16:56:47","guid":{"rendered":"http:\/\/wp.amiblu.com\/about-us\/"},"modified":"2022-08-04T07:14:29","modified_gmt":"2022-08-04T07:14:29","slug":"about-us","status":"publish","type":"page","link":"https:\/\/www.flowtite.com\/es\/about-us\/","title":{"rendered":"Qui\u00e9nes Somos"},"content":{"rendered":"<p><div id='full_slider_1'  class='avia-fullwidth-slider main_color avia-shadow   avia-builder-el-0  el_before_av_one_fifth  avia-builder-el-first   container_wrap fullsize' style=' '  ><div   data-size='featured'  data-lightbox_size='large'  data-animation='slide'  data-conditional_play=''  data-ids='333'  data-video_counter='0'  data-autoplay='false'  data-bg_slider='false'  data-slide_height=''  data-handle='av_slideshow_full'  data-interval='5'  data-class=' '  data-el_id=''  data-css_id=''  data-scroll_down=''  data-control_layout='av-control-default'  data-custom_markup=''  data-perma_caption=''  data-autoplay_stopper=''  data-image_attachment=''  data-min_height='0px'  data-lazy_loading='disabled'  data-src=''  data-position='top left'  data-repeat='no-repeat'  data-attach='scroll'  data-stretch=''  data-default-height='28.666666666667'  class='avia-slideshow avia-slideshow-1  av-control-default av-default-height-applied avia-slideshow-featured av_slideshow_full   avia-slide-slider '  itemprop=\"image\" itemscope=\"itemscope\" itemtype=\"https:\/\/schema.org\/ImageObject\" ><ul class='avia-slideshow-inner ' style='padding-bottom: 28.666666666667%;' ><li  class=' av-single-slide slide-1 ' ><div data-rel='slideshow-1' class='avia-slide-wrap '   ><img decoding=\"async\" class=\"wp-image-1250 avia-img-lazy-loading-not-1250\"  src=\"https:\/\/www.flowtite.com\/wp-content\/uploads\/2020\/12\/Flowtite-Technology-Center-Norway-1500x430.jpg\" width=\"1500\" height=\"430\" title='Flowtite-Technology-Center-Norway' alt='Flowtite Technology Center Norway'  itemprop=\"thumbnailUrl\"   \/><\/div><\/li><\/ul><\/div><\/div><div id='after_full_slider_1'  class='main_color av_default_container_wrap container_wrap fullsize' style=' '  ><div class='container' ><div class='template-page content  av-content-full alpha units'><div class='post-entry post-entry-type-page post-entry-1247'><div class='entry-content-wrapper clearfix'><br \/>\n<div class=\"flex_column av_one_fifth  flex_column_div av-zero-column-padding first  avia-builder-el-1  el_after_av_slideshow_full  el_before_av_three_fifth  avia-builder-el-first  \" style='border-radius:0px; '><\/div><br \/>\n<div class=\"flex_column av_three_fifth  flex_column_div av-zero-column-padding   avia-builder-el-2  el_after_av_one_fifth  el_before_av_one_fifth  \" style='border-radius:0px; '><p><div  style='padding-bottom:10px; ' class='av-special-heading av-special-heading-h1  blockquote modern-quote modern-centered  avia-builder-el-3  el_before_av_textblock  avia-builder-el-first  '><h1 class='av-special-heading-tag '  itemprop=\"headline\"  >Historia de la tecnolog\u00eda Flowtite<\/h1><div class='special-heading-border'><div class='special-heading-inner-border' ><\/div><\/div><\/div><br \/>\n<section class=\"av_textblock_section \"  itemscope=\"itemscope\" itemtype=\"https:\/\/schema.org\/CreativeWork\" ><div class='avia_textblock  '   itemprop=\"text\" ><p style=\"text-align: center;\">En 1965, un grupo de ingenieros de la empresa de pintura Jotun A\/S en Sandefjord, Noruega, comenz\u00f3 a experimentar con resina de poli\u00e9ster y fibras de vidrio. En cooperaci\u00f3n con Drostholm e ingenieros daneses, se cre\u00f3 el proceso de enrollamiento de filamentos continuos (CFW) para tuber\u00edas y tanques de PRFV. La primera m\u00e1quina CW se construy\u00f3 en Noruega y comenz\u00f3 la producci\u00f3n a principios de los a\u00f1os setenta.<\/p>\n<p style=\"text-align: center;\">\n<p style=\"text-align: center;\">En cooperaci\u00f3n con Owens Corning, el proceso se desarroll\u00f3 a\u00fan m\u00e1s, se cre\u00f3 la empresa de tecnolog\u00eda y se registr\u00f3 la marca Flowtite. A mediados de los a\u00f1os setenta, se puso en marcha la primera m\u00e1quina enrolladora para Amiantit en Arabia Saud\u00ed y se sigui\u00f3 su desarrollo en todo el mundo. Con los a\u00f1os, Amiantit se convirti\u00f3 en el mayor cliente de Flowtite. Desde entonces, los tubos de PRFV han tenido un gran \u00e9xito en Oriente Medio, donde docenas de m\u00e1quinas de CW est\u00e1n en funcionamiento.<\/p>\n<p style=\"text-align: center;\">\n<p style=\"text-align: center;\">A principios de siglo, el Grupo Amiantit adquiri\u00f3 las f\u00e1bricas de tuber\u00edas de Flowtite Technology y Owens Corning, incluyendo sus licencias en Europa y en todo el mundo. Empieza una nueva era con un crecimiento impresionante. Se reforzaron los esfuerzos de I+D, se optimiz\u00f3 el dise\u00f1o de tuber\u00edas, juntas y accesorios y se automatiz\u00f3 a\u00fan m\u00e1s el proceso de fabricaci\u00f3n. Se establecieron varias f\u00e1bricas nuevas -tanto licenciatarios como empresas conjuntas- y ahora se fabrican tuber\u00edas Flowtite en todos los continentes.<\/p>\n<\/div><\/section><br \/>\n<div  style='padding-bottom:10px; ' class='av-special-heading av-special-heading-h2  blockquote modern-quote modern-centered  avia-builder-el-5  el_after_av_textblock  el_before_av_textblock  '><h2 class='av-special-heading-tag '  itemprop=\"headline\"  >Flowtite forma parte del Grupo Amiblu<\/h2><div class='special-heading-border'><div class='special-heading-inner-border' ><\/div><\/div><\/div><br \/>\n<section class=\"av_textblock_section \"  itemscope=\"itemscope\" itemtype=\"https:\/\/schema.org\/CreativeWork\" ><div class='avia_textblock  '   itemprop=\"text\" ><p style=\"text-align: center;\">La tecnolog\u00eda Flowtite es propiedad y est\u00e1 licenciada por el Grupo Amiblu. En 2017, las dos empresas l\u00edderes del mercado de tuber\u00edas de poli\u00e9ster reforzado con fibra de vidrio (PRFV),\u00a0<a href=\"https:\/\/www.hobas.com\/\" target=\"_blank\" rel=\"noopener noreferrer\">Hobas<\/a>\u00a0Europe, de parte de\u00a0<a href=\"https:\/\/www.wietersdorfer.com\/\" target=\"_blank\" rel=\"noopener noreferrer\">Wietersdorfer Holding GmbH<\/a>, y\u00a0<a href=\"http:\/\/www.amiantit.com\/en\/\" target=\"_blank\" rel=\"noopener noreferrer\">Amiantit<\/a>\u00a0Europe, se unieron para formar una empresa conjunta,\u00a0<a href=\"https:\/\/www.amiblu.com\/\" target=\"_blank\" rel=\"noopener noreferrer\">Amiblu<\/a>. La sede central de Amiblu se encuentra en Klagenfurt, Austria, y la empresa tiene plantas de producci\u00f3n en Alemania, Espa\u00f1a, Polonia y Rumania. Cuenta con un centro de I+D en Noruega y emplea a unas 1.500 personas.<br \/>\nAmiblu dispone de una extensa red de oficinas de ventas, licenciatarios y distribuidores en todo el mundo.<\/p>\n<\/div><\/section><\/p><\/div><div class=\"flex_column av_one_fifth  flex_column_div av-zero-column-padding   avia-builder-el-7  el_after_av_three_fifth  el_before_av_section  avia-builder-el-last  \" style='border-radius:0px; '><\/div><br \/>\n<\/div><\/div><\/div><!-- close content main div --><\/div><\/div><div id='av_section_1'  class='avia-section main_color avia-section-default avia-no-border-styling  avia-bg-style-scroll  avia-builder-el-8  el_after_av_one_fifth  avia-builder-el-last   container_wrap fullsize' style='background-color: #f2f2f2;  '  ><div class='container' ><div class='template-page content  av-content-full alpha units'><div class='post-entry post-entry-type-page post-entry-1247'><div class='entry-content-wrapper clearfix'>\n<div class=\"flex_column av_one_fifth  flex_column_div av-zero-column-padding first  avia-builder-el-9  el_before_av_three_fifth  avia-builder-el-first  \" style='border-radius:0px; '><\/div><div class=\"flex_column av_three_fifth  flex_column_div av-zero-column-padding   avia-builder-el-10  el_after_av_one_fifth  el_before_av_one_fifth  \" style='border-radius:0px; '><p><div  style='padding-bottom:10px; ' class='av-special-heading av-special-heading-h3  blockquote modern-quote  avia-builder-el-11  el_before_av_timeline  avia-builder-el-first  '><h3 class='av-special-heading-tag '  itemprop=\"headline\"  >Cronolog\u00eda<\/h3><div class='special-heading-border'><div class='special-heading-inner-border' ><\/div><\/div><\/div><br \/>\n<div  id=\"avia-timeline-1\"  class='avia-timeline-container    avia-builder-el-12  el_after_av_heading  avia-builder-el-last ' ><ul class='avia-timeline avia-timeline-vertical av-milestone-placement-left avia-timeline-boxshadow avia_animate_when_almost_visible avia-timeline-animate'>\n<li  class='av-milestone av-animated-generic fade-in av-milestone-odd  av-milestone-valign-baseline '><h2 class='av-milestone-date  '  id='milestone-1968'><strong>1968<span class='av-milestone-indicator'><\/span><\/strong><\/h2><div class=\"av-milestone-icon-wrap\"><span class='milestone_icon avia-font-entypo-fontello' ><span class='milestone_inner' ><i class='milestone-char' aria-hidden='true' data-av_icon='\ue875' data-av_iconfont='entypo-fontello'><\/i><\/span><\/span><\/div><article class='av-milestone-content-wrap'><div class='av-milestone-contentbox' ><div class='av-milestone-content' ><p>El grupo Amiantit se instala en Dammam, Arabia Saud\u00ed<\/p>\n<\/div><\/div><footer  class='entry-footer'><\/footer><\/article><\/li>\n<li  class='av-milestone av-animated-generic fade-in av-milestone-even  av-milestone-valign-baseline '><h2 class='av-milestone-date  '  id='milestone-1968'><strong>1968<span class='av-milestone-indicator'><\/span><\/strong><\/h2><div class=\"av-milestone-icon-wrap\"><span class='milestone_icon avia-font-entypo-fontello' ><span class='milestone_inner' ><i class='milestone-char' aria-hidden='true' data-av_icon='\ue875' data-av_iconfont='entypo-fontello'><\/i><\/span><\/span><\/div><article class='av-milestone-content-wrap'><div class='av-milestone-contentbox' ><div class='av-milestone-content' ><p>Primera producci\u00f3n de tubos fabricados por enrollamiento continuo en Vera Fabrikker (Jotun) en Noruega<\/p>\n<\/div><\/div><footer  class='entry-footer'><\/footer><\/article><\/li>\n<li  class='av-milestone av-animated-generic fade-in av-milestone-odd  av-milestone-valign-baseline '><h2 class='av-milestone-date  '  id='milestone-1971'><strong>1971<span class='av-milestone-indicator'><\/span><\/strong><\/h2><div class=\"av-milestone-icon-wrap\"><span class='milestone_icon avia-font-entypo-fontello' ><span class='milestone_inner' ><i class='milestone-char' aria-hidden='true' data-av_icon='\ue875' data-av_iconfont='entypo-fontello'><\/i><\/span><\/span><\/div><article class='av-milestone-content-wrap'><div class='av-milestone-contentbox' ><div class='av-milestone-content' ><p>Owens Corning compra la Tecnolog\u00eda PRFV a Vera Fabrikker<\/p>\n<\/div><\/div><footer  class='entry-footer'><\/footer><\/article><\/li>\n<li  class='av-milestone av-animated-generic fade-in av-milestone-even  av-milestone-valign-baseline '><h2 class='av-milestone-date  '  id='milestone-1988'><strong>1988<span class='av-milestone-indicator'><\/span><\/strong><\/h2><div class=\"av-milestone-icon-wrap\"><span class='milestone_icon avia-font-entypo-fontello' ><span class='milestone_inner' ><i class='milestone-char' aria-hidden='true' data-av_icon='\ue875' data-av_iconfont='entypo-fontello'><\/i><\/span><\/span><\/div><article class='av-milestone-content-wrap'><div class='av-milestone-contentbox' ><div class='av-milestone-content' ><p>Owens Corning adquiere el 90% de las acciones de Veroc Technology (m\u00e1s tarde Flowtite Technology)<\/p>\n<\/div><\/div><footer  class='entry-footer'><\/footer><\/article><\/li>\n<li  class='av-milestone av-animated-generic fade-in av-milestone-odd  av-milestone-valign-baseline '><h2 class='av-milestone-date  '  id='milestone-2001'><strong>2001<span class='av-milestone-indicator'><\/span><\/strong><\/h2><div class=\"av-milestone-icon-wrap\"><span class='milestone_icon avia-font-entypo-fontello' ><span class='milestone_inner' ><i class='milestone-char' aria-hidden='true' data-av_icon='\ue875' data-av_iconfont='entypo-fontello'><\/i><\/span><\/span><\/div><article class='av-milestone-content-wrap'><div class='av-milestone-contentbox' ><div class='av-milestone-content' ><p>Amiantit adquiere Flowtite Technology<\/p>\n<\/div><\/div><footer  class='entry-footer'><\/footer><\/article><\/li>\n<li  class='av-milestone av-animated-generic fade-in av-milestone-even  av-milestone-valign-baseline '><h2 class='av-milestone-date  '  id='milestone-2016'><strong>2016<span class='av-milestone-indicator'><\/span><\/strong><\/h2><div class=\"av-milestone-icon-wrap\"><span class='milestone_icon avia-font-entypo-fontello' ><span class='milestone_inner' ><i class='milestone-char' aria-hidden='true' data-av_icon='\ue875' data-av_iconfont='entypo-fontello'><\/i><\/span><\/span><\/div><article class='av-milestone-content-wrap'><div class='av-milestone-contentbox' ><div class='av-milestone-content' ><p>Wietersdorfer (propietario del Grupo Hobas) y Amiantit Europe (propietario de Flowtite Technology) anuncian la intenci\u00f3n de las empresas de fusionar sus sociedades europeas<\/p>\n<\/div><\/div><footer  class='entry-footer'><\/footer><\/article><\/li>\n<li  class='av-milestone av-animated-generic fade-in av-milestone-odd  av-milestone-valign-baseline '><h2 class='av-milestone-date  '  id='milestone-2017'><strong>2017<span class='av-milestone-indicator'><\/span><\/strong><\/h2><div class=\"av-milestone-icon-wrap\"><span class='milestone_icon avia-font-entypo-fontello' ><span class='milestone_inner' ><i class='milestone-char' aria-hidden='true' data-av_icon='\ue875' data-av_iconfont='entypo-fontello'><\/i><\/span><\/span><\/div><article class='av-milestone-content-wrap'><div class='av-milestone-contentbox' ><div class='av-milestone-content' ><p>50 aniversario de Flowtite<\/p>\n<\/div><\/div><footer  class='entry-footer'><\/footer><\/article><\/li>\n<li  class='av-milestone av-animated-generic fade-in av-milestone-even  av-milestone-valign-baseline '><h2 class='av-milestone-date  '  id='milestone-2017'><strong>2017<span class='av-milestone-indicator'><\/span><\/strong><\/h2><div class=\"av-milestone-icon-wrap\"><span class='milestone_icon avia-font-entypo-fontello' ><span class='milestone_inner' ><i class='milestone-char' aria-hidden='true' data-av_icon='\ue875' data-av_iconfont='entypo-fontello'><\/i><\/span><\/span><\/div><article class='av-milestone-content-wrap'><div class='av-milestone-contentbox' ><div class='av-milestone-content' ><p>La Comisi\u00f3n Europea acepta la fusi\u00f3n; se establece Amiblu bajo la propiedad de Hobas y Flowtite<\/p>\n<\/div><\/div><footer  class='entry-footer'><\/footer><\/article><\/li>\n<li  class='av-milestone av-animated-generic fade-in av-milestone-odd  av-milestone-valign-baseline '><h2 class='av-milestone-date  '  id='milestone-2018'><strong>2018<span class='av-milestone-indicator'><\/span><\/strong><\/h2><div class=\"av-milestone-icon-wrap\"><span class='milestone_icon avia-font-entypo-fontello' ><span class='milestone_inner' ><i class='milestone-char' aria-hidden='true' data-av_icon='\ue875' data-av_iconfont='entypo-fontello'><\/i><\/span><\/span><\/div><article class='av-milestone-content-wrap'><div class='av-milestone-contentbox' ><div class='av-milestone-content' ><p>Amiblu abre unas instalaciones de producci\u00f3n de accesorios en PRFV de \u00faltima generaci\u00f3n<\/p>\n<\/div><\/div><footer  class='entry-footer'><\/footer><\/article><\/li>\n<\/ul><\/div><\/p><\/div><div class=\"flex_column av_one_fifth  flex_column_div av-zero-column-padding   avia-builder-el-13  el_after_av_three_fifth  avia-builder-el-last  \" style='border-radius:0px; '><\/div><\/p>\n","protected":false},"excerpt":{"rendered":"","protected":false},"author":2,"featured_media":0,"parent":0,"menu_order":17,"comment_status":"closed","ping_status":"closed","template":"","meta":{"footnotes":""},"class_list":["post-1247","page","type-page","status-publish","hentry"],"yoast_head":"<!-- This site is optimized with the Yoast SEO plugin v27.5 - https:\/\/yoast.com\/product\/yoast-seo-wordpress\/ -->\n<title>Qui\u00e9nes Somos - Flowtite<\/title>\n<meta name=\"description\" content=\"Flowtite forma parte del Grupo Amiblu. Amiblu combina Amiantit Europe y su tecnolog\u00eda Flowtite, y Hobas Europe, parte de WIG Wietersdorfer Holding.\" \/>\n<meta name=\"robots\" content=\"index, follow, max-snippet:-1, max-image-preview:large, max-video-preview:-1\" \/>\n<link rel=\"canonical\" href=\"https:\/\/www.flowtite.com\/es\/about-us\/\" \/>\n<meta property=\"og:locale\" content=\"es_ES\" \/>\n<meta property=\"og:type\" content=\"article\" \/>\n<meta property=\"og:title\" content=\"Qui\u00e9nes Somos - Flowtite\" \/>\n<meta property=\"og:description\" content=\"Flowtite forma parte del Grupo Amiblu. Amiblu combina Amiantit Europe y su tecnolog\u00eda Flowtite, y Hobas Europe, parte de WIG Wietersdorfer Holding.\" \/>\n<meta property=\"og:url\" content=\"https:\/\/www.flowtite.com\/es\/about-us\/\" \/>\n<meta property=\"og:site_name\" content=\"Flowtite\" \/>\n<meta property=\"article:modified_time\" content=\"2022-08-04T07:14:29+00:00\" \/>\n<meta name=\"twitter:card\" content=\"summary_large_image\" \/>\n<meta name=\"twitter:label1\" content=\"Tiempo de lectura\" \/>\n\t<meta name=\"twitter:data1\" content=\"5 minutos\" \/>\n<script type=\"application\/ld+json\" class=\"yoast-schema-graph\">{\"@context\":\"https:\\\/\\\/schema.org\",\"@graph\":[{\"@type\":\"WebPage\",\"@id\":\"https:\\\/\\\/www.flowtite.com\\\/es\\\/about-us\\\/\",\"url\":\"https:\\\/\\\/www.flowtite.com\\\/es\\\/about-us\\\/\",\"name\":\"Qui\u00e9nes Somos - Flowtite\",\"isPartOf\":{\"@id\":\"https:\\\/\\\/www.flowtite.com\\\/#website\"},\"datePublished\":\"2020-12-11T16:56:47+00:00\",\"dateModified\":\"2022-08-04T07:14:29+00:00\",\"description\":\"Flowtite forma parte del Grupo Amiblu. Amiblu combina Amiantit Europe y su tecnolog\u00eda Flowtite, y Hobas Europe, parte de WIG Wietersdorfer Holding.\",\"breadcrumb\":{\"@id\":\"https:\\\/\\\/www.flowtite.com\\\/es\\\/about-us\\\/#breadcrumb\"},\"inLanguage\":\"es\",\"potentialAction\":[{\"@type\":\"ReadAction\",\"target\":[\"https:\\\/\\\/www.flowtite.com\\\/es\\\/about-us\\\/\"]}]},{\"@type\":\"BreadcrumbList\",\"@id\":\"https:\\\/\\\/www.flowtite.com\\\/es\\\/about-us\\\/#breadcrumb\",\"itemListElement\":[{\"@type\":\"ListItem\",\"position\":1,\"name\":\"Home\",\"item\":\"https:\\\/\\\/www.flowtite.com\\\/es\\\/\"},{\"@type\":\"ListItem\",\"position\":2,\"name\":\"Qui\u00e9nes Somos\"}]},{\"@type\":\"WebSite\",\"@id\":\"https:\\\/\\\/www.flowtite.com\\\/#website\",\"url\":\"https:\\\/\\\/www.flowtite.com\\\/\",\"name\":\"Flowtite\",\"description\":\"\",\"potentialAction\":[{\"@type\":\"SearchAction\",\"target\":{\"@type\":\"EntryPoint\",\"urlTemplate\":\"https:\\\/\\\/www.flowtite.com\\\/?s={search_term_string}\"},\"query-input\":{\"@type\":\"PropertyValueSpecification\",\"valueRequired\":true,\"valueName\":\"search_term_string\"}}],\"inLanguage\":\"es\"}]}<\/script>\n<!-- \/ Yoast SEO plugin. -->","yoast_head_json":{"title":"Qui\u00e9nes Somos - Flowtite","description":"Flowtite forma parte del Grupo Amiblu. Amiblu combina Amiantit Europe y su tecnolog\u00eda Flowtite, y Hobas Europe, parte de WIG Wietersdorfer Holding.","robots":{"index":"index","follow":"follow","max-snippet":"max-snippet:-1","max-image-preview":"max-image-preview:large","max-video-preview":"max-video-preview:-1"},"canonical":"https:\/\/www.flowtite.com\/es\/about-us\/","og_locale":"es_ES","og_type":"article","og_title":"Qui\u00e9nes Somos - Flowtite","og_description":"Flowtite forma parte del Grupo Amiblu. Amiblu combina Amiantit Europe y su tecnolog\u00eda Flowtite, y Hobas Europe, parte de WIG Wietersdorfer Holding.","og_url":"https:\/\/www.flowtite.com\/es\/about-us\/","og_site_name":"Flowtite","article_modified_time":"2022-08-04T07:14:29+00:00","twitter_card":"summary_large_image","twitter_misc":{"Tiempo de lectura":"5 minutos"},"schema":{"@context":"https:\/\/schema.org","@graph":[{"@type":"WebPage","@id":"https:\/\/www.flowtite.com\/es\/about-us\/","url":"https:\/\/www.flowtite.com\/es\/about-us\/","name":"Qui\u00e9nes Somos - Flowtite","isPartOf":{"@id":"https:\/\/www.flowtite.com\/#website"},"datePublished":"2020-12-11T16:56:47+00:00","dateModified":"2022-08-04T07:14:29+00:00","description":"Flowtite forma parte del Grupo Amiblu. Amiblu combina Amiantit Europe y su tecnolog\u00eda Flowtite, y Hobas Europe, parte de WIG Wietersdorfer Holding.","breadcrumb":{"@id":"https:\/\/www.flowtite.com\/es\/about-us\/#breadcrumb"},"inLanguage":"es","potentialAction":[{"@type":"ReadAction","target":["https:\/\/www.flowtite.com\/es\/about-us\/"]}]},{"@type":"BreadcrumbList","@id":"https:\/\/www.flowtite.com\/es\/about-us\/#breadcrumb","itemListElement":[{"@type":"ListItem","position":1,"name":"Home","item":"https:\/\/www.flowtite.com\/es\/"},{"@type":"ListItem","position":2,"name":"Qui\u00e9nes Somos"}]},{"@type":"WebSite","@id":"https:\/\/www.flowtite.com\/#website","url":"https:\/\/www.flowtite.com\/","name":"Flowtite","description":"","potentialAction":[{"@type":"SearchAction","target":{"@type":"EntryPoint","urlTemplate":"https:\/\/www.flowtite.com\/?s={search_term_string}"},"query-input":{"@type":"PropertyValueSpecification","valueRequired":true,"valueName":"search_term_string"}}],"inLanguage":"es"}]}},"_links":{"self":[{"href":"https:\/\/www.flowtite.com\/es\/wp-json\/wp\/v2\/pages\/1247","targetHints":{"allow":["GET"]}}],"collection":[{"href":"https:\/\/www.flowtite.com\/es\/wp-json\/wp\/v2\/pages"}],"about":[{"href":"https:\/\/www.flowtite.com\/es\/wp-json\/wp\/v2\/types\/page"}],"author":[{"embeddable":true,"href":"https:\/\/www.flowtite.com\/es\/wp-json\/wp\/v2\/users\/2"}],"replies":[{"embeddable":true,"href":"https:\/\/www.flowtite.com\/es\/wp-json\/wp\/v2\/comments?post=1247"}],"version-history":[{"count":3,"href":"https:\/\/www.flowtite.com\/es\/wp-json\/wp\/v2\/pages\/1247\/revisions"}],"predecessor-version":[{"id":2356,"href":"https:\/\/www.flowtite.com\/es\/wp-json\/wp\/v2\/pages\/1247\/revisions\/2356"}],"wp:attachment":[{"href":"https:\/\/www.flowtite.com\/es\/wp-json\/wp\/v2\/media?parent=1247"}],"curies":[{"name":"wp","href":"https:\/\/api.w.org\/{rel}","templated":true}]}}