{"id":1244,"date":"2020-12-11T16:56:31","date_gmt":"2020-12-11T16:56:31","guid":{"rendered":"http:\/\/wp.amiblu.com\/grp-pipe-material\/"},"modified":"2021-01-25T12:46:30","modified_gmt":"2021-01-25T12:46:30","slug":"grp-pipe-material","status":"publish","type":"page","link":"https:\/\/www.flowtite.com\/es\/grp-pipe-material\/","title":{"rendered":"Material PRFV"},"content":{"rendered":"<div id='full_slider_1'  class='avia-fullwidth-slider main_color avia-shadow   avia-builder-el-0  el_before_av_one_fifth  avia-builder-el-first   container_wrap fullsize' style=' '  ><div   data-size='featured'  data-lightbox_size='large'  data-animation='slide'  data-conditional_play=''  data-ids='327'  data-video_counter='0'  data-autoplay='false'  data-bg_slider='false'  data-slide_height=''  data-handle='av_slideshow_full'  data-interval='5'  data-class=' '  data-el_id=''  data-css_id=''  data-scroll_down=''  data-control_layout='av-control-default'  data-custom_markup=''  data-perma_caption=''  data-autoplay_stopper=''  data-image_attachment=''  data-min_height='0px'  data-lazy_loading='disabled'  data-src=''  data-position='top left'  data-repeat='no-repeat'  data-attach='scroll'  data-stretch=''  data-default-height='28.666666666667'  class='avia-slideshow avia-slideshow-1  av-control-default av-default-height-applied avia-slideshow-featured av_slideshow_full   avia-slide-slider '  itemprop=\"image\" itemscope=\"itemscope\" itemtype=\"https:\/\/schema.org\/ImageObject\" ><ul class='avia-slideshow-inner ' style='padding-bottom: 26.666666666667%;' ><li  class=' av-single-slide slide-1 ' ><div data-rel='slideshow-1' class='avia-slide-wrap '   ><img decoding=\"async\" class=\"wp-image-590 avia-img-lazy-loading-not-590\"  src=\"https:\/\/www.flowtite.com\/wp-content\/uploads\/2020\/12\/Flowtite-GRP-pipes-1500x400.jpg\" width=\"1500\" height=\"400\" title='Flowtite-GRP-pipes' alt='Flowtite GRP pipes'  itemprop=\"thumbnailUrl\"   \/><\/div><\/li><\/ul><\/div><\/div><div id='after_full_slider_1'  class='main_color av_default_container_wrap container_wrap fullsize' style=' '  ><div class='container' ><div class='template-page content  av-content-full alpha units'><div class='post-entry post-entry-type-page post-entry-1244'><div class='entry-content-wrapper clearfix'>\n<div class=\"flex_column av_one_fifth  flex_column_div av-zero-column-padding first  avia-builder-el-1  el_after_av_slideshow_full  el_before_av_three_fifth  avia-builder-el-first  \" style='border-radius:0px; '><\/div>\n<div class=\"flex_column av_three_fifth  flex_column_div av-zero-column-padding   avia-builder-el-2  el_after_av_one_fifth  el_before_av_one_fifth  \" style='border-radius:0px; '><p><div  style='padding-bottom:10px; ' class='av-special-heading av-special-heading-h1  blockquote modern-quote modern-centered  avia-builder-el-3  el_before_av_textblock  avia-builder-el-first  '><h1 class='av-special-heading-tag '  itemprop=\"headline\"  >Material de la tuber\u00eda en PRFV<\/h1><div class='special-heading-border'><div class='special-heading-inner-border' ><\/div><\/div><\/div><br \/>\n<section class=\"av_textblock_section \"  itemscope=\"itemscope\" itemtype=\"https:\/\/schema.org\/CreativeWork\" ><div class='avia_textblock  '   itemprop=\"text\" ><div class=\"wpb_text_column wpb_content_element \">\n<div class=\"wpb_wrapper\">\n<p>Despu\u00e9s de una vasta experiencia con diferentes tipos de resinas y fibras durante la primera mitad del siglo pasado, el desarrollo de los pl\u00e1sticos reforzados despeg\u00f3 realmente en la d\u00e9cada de 1940 con la llegada de la producci\u00f3n en masa de hilos de vidrio y resinas de poli\u00e9ster. Combinando estos dos, se cre\u00f3 un nuevo material compuesto: El\u00a0<strong>poli\u00e9ster reforzado con fibra de vidrio<\/strong>\u00a0(PRFV), que pronto se convirti\u00f3 en un material importante en las industrias de la automoci\u00f3n, mar\u00edtimas, aeroespaciales y de la construcci\u00f3n. As\u00ed como el hormig\u00f3n armado es fundamental en la construcci\u00f3n pesada, el PRFV es esencial cuando se trata de requerimientos de alta resistencia, peso ligero y durabilidad.<\/p>\n<h2>PRFV\u00a0\u2013\u00a0\u00bfDe qu\u00e9 est\u00e1 hecho?<\/h2>\n<p>El pl\u00e1stico reforzado con fibra de vidrio es un material compuesto, que consiste en una\u00a0<strong>resina polim\u00e9rica, fibras de vidrio de refuerzo y rellenos<\/strong>. Los pol\u00edmeros m\u00e1s comunes son el poli\u00e9ster termoestable, el vini\u00e9ster y las resinas epoxi. Al curarse, la resina define la forma de la pieza de PRFV y la hace resistente a las cargas qu\u00edmicas y ambientales. Hay varios tipos de fibra de vidrio disponibles, siendo el m\u00e1s com\u00fan el vidrio E y E-CR (el\u00e9ctrico\/qu\u00edmico\/resistente), con una resistencia a la tracci\u00f3n varias veces superior a la del acero. El relleno m\u00e1s com\u00fan es la arena de s\u00edlice fina.<\/p>\n<h2>PRFV\u00a0\u2013\u00a0Propiedades superiores<\/h2>\n<p>Las fibras de vidrio proporcionan\u00a0<strong>resistencia<\/strong>\u00a0y\u00a0<strong>estabilidad<\/strong>, y los rellenos contribuyen a una\u00a0<strong>alta rigidez a la flexi\u00f3n<\/strong>. Con las fibras de vidrio orientadas en la direcci\u00f3n deseada, los rellenos colocados estrat\u00e9gicamente y todo impregnado con resina y curado a temperaturas elevadas, se forma un laminado excepcionalmente resistente y estable. La resina proporciona una excelente\u00a0<strong>protecci\u00f3n contra la corrosi\u00f3n qu\u00edmica<\/strong>. El producto final es\u00a0<strong>impermeable<\/strong>, tiene buena\u00a0<strong>estabilidad t\u00e9rmica<\/strong>\u00a0y\u00a0<strong>resistencia a la radiaci\u00f3n UV<\/strong>, lo que lo hace ideal para aplicaciones tanto en ambientes interiores como exteriores. El PRFV es un\u00a0<strong>material altamente duradero<\/strong>, ideal para una amplia gama de aplicaciones en diversas industrias en las que se requiere una larga vida \u00fatil..<\/p>\n<h2>PRFV \u2013 Para sistemas de tuber\u00edas duraderos<\/h2>\n<p>El desarrollo del proceso de\u00a0<a href=\"https:\/\/www.flowtite.com\/es\/technology\/\">enrollamiento continuos para tuber\u00edas<\/a>\u00a0de PRFV comenz\u00f3 en los a\u00f1os 60 y se ha ido perfeccionando y mejorando a lo largo de los a\u00f1os. Cuando los ingenieros encontraron la manera de crear un laminado s\u00e1ndwich con capas altamente reforzadas y n\u00facleo relleno de arena, los tubos de PRFV se volvieron muy competitivos, tanto en t\u00e9rminos de producci\u00f3n como de instalaci\u00f3n. La\u00a0<a href=\"https:\/\/www.flowtite.com\/es\/applications\/\">gama de aplicaciones<\/a>\u00a0de las tuber\u00edas de PRFV es amplia: sistemas de alcantarillado y drenaje, agua potable, agua bruta, regad\u00edo, centrales hidroel\u00e9ctricas, sistemas de tuber\u00edas industriales, agua de refrigeraci\u00f3n, tomas y desag\u00fces mar\u00edtimos, por nombrar algunos. Los m\u00e9todos de instalaci\u00f3n incluyen zanjas abiertas, sobre el terreno, subacu\u00e1ticas, as\u00ed como el hincado, la elevaci\u00f3n y el microt\u00fanel.<\/p>\n<\/div>\n<\/div>\n<div class=\"vc_empty_space\"><\/div>\n<\/div><\/section><br \/>\n<div  class='avia-button-wrap avia-button-center  avia-builder-el-5  el_after_av_textblock  avia-builder-el-last ' ><a href='https:\/\/www.amiblu.com\/why-grp\/' class='avia-button  avia-color-theme-color   avia-icon_select-no avia-size-medium avia-position-center ' target=\"_blank\" rel=\"noopener noreferrer\"><span class='avia_iconbox_title' >M\u00e1s informaci\u00f3n sobre las tuber\u00edas de PRFV en la p\u00e1gina web de Amiblu<\/span><\/a><\/div><\/p><\/div><div class=\"flex_column av_one_fifth  flex_column_div av-zero-column-padding   avia-builder-el-6  el_after_av_three_fifth  avia-builder-el-last  \" style='border-radius:0px; '><\/div><\/p>\n","protected":false},"excerpt":{"rendered":"","protected":false},"author":2,"featured_media":0,"parent":0,"menu_order":14,"comment_status":"closed","ping_status":"closed","template":"","meta":{"footnotes":""},"class_list":["post-1244","page","type-page","status-publish","hentry"],"yoast_head":"<!-- This site is optimized with the Yoast SEO plugin v27.5 - https:\/\/yoast.com\/product\/yoast-seo-wordpress\/ -->\n<title>Material de la tuber\u00eda en PRFV<\/title>\n<meta name=\"description\" content=\"El PRFV es un material compuesto, que consiste en una resina polim\u00e9rica, fibras de vidrio de refuerzo y rellenos. La gama de aplicaciones de las tuber\u00edas de PRFV es amplia.\" \/>\n<meta name=\"robots\" content=\"index, follow, max-snippet:-1, max-image-preview:large, max-video-preview:-1\" \/>\n<link rel=\"canonical\" href=\"https:\/\/www.flowtite.com\/es\/grp-pipe-material\/\" \/>\n<meta property=\"og:locale\" content=\"es_ES\" \/>\n<meta property=\"og:type\" content=\"article\" \/>\n<meta property=\"og:title\" content=\"Material de la tuber\u00eda en PRFV\" \/>\n<meta property=\"og:description\" content=\"El PRFV es un material compuesto, que consiste en una resina polim\u00e9rica, fibras de vidrio de refuerzo y rellenos. La gama de aplicaciones de las tuber\u00edas de PRFV es amplia.\" \/>\n<meta property=\"og:url\" content=\"https:\/\/www.flowtite.com\/es\/grp-pipe-material\/\" \/>\n<meta property=\"og:site_name\" content=\"Flowtite\" \/>\n<meta property=\"article:modified_time\" content=\"2021-01-25T12:46:30+00:00\" \/>\n<meta name=\"twitter:card\" content=\"summary_large_image\" \/>\n<meta name=\"twitter:label1\" content=\"Tiempo de lectura\" \/>\n\t<meta name=\"twitter:data1\" content=\"4 minutos\" \/>\n<script type=\"application\/ld+json\" class=\"yoast-schema-graph\">{\"@context\":\"https:\\\/\\\/schema.org\",\"@graph\":[{\"@type\":\"WebPage\",\"@id\":\"https:\\\/\\\/www.flowtite.com\\\/es\\\/grp-pipe-material\\\/\",\"url\":\"https:\\\/\\\/www.flowtite.com\\\/es\\\/grp-pipe-material\\\/\",\"name\":\"Material de la tuber\u00eda en PRFV\",\"isPartOf\":{\"@id\":\"https:\\\/\\\/www.flowtite.com\\\/#website\"},\"datePublished\":\"2020-12-11T16:56:31+00:00\",\"dateModified\":\"2021-01-25T12:46:30+00:00\",\"description\":\"El PRFV es un material compuesto, que consiste en una resina polim\u00e9rica, fibras de vidrio de refuerzo y rellenos. La gama de aplicaciones de las tuber\u00edas de PRFV es amplia.\",\"breadcrumb\":{\"@id\":\"https:\\\/\\\/www.flowtite.com\\\/es\\\/grp-pipe-material\\\/#breadcrumb\"},\"inLanguage\":\"es\",\"potentialAction\":[{\"@type\":\"ReadAction\",\"target\":[\"https:\\\/\\\/www.flowtite.com\\\/es\\\/grp-pipe-material\\\/\"]}]},{\"@type\":\"BreadcrumbList\",\"@id\":\"https:\\\/\\\/www.flowtite.com\\\/es\\\/grp-pipe-material\\\/#breadcrumb\",\"itemListElement\":[{\"@type\":\"ListItem\",\"position\":1,\"name\":\"Home\",\"item\":\"https:\\\/\\\/www.flowtite.com\\\/es\\\/\"},{\"@type\":\"ListItem\",\"position\":2,\"name\":\"Material PRFV\"}]},{\"@type\":\"WebSite\",\"@id\":\"https:\\\/\\\/www.flowtite.com\\\/#website\",\"url\":\"https:\\\/\\\/www.flowtite.com\\\/\",\"name\":\"Flowtite\",\"description\":\"\",\"potentialAction\":[{\"@type\":\"SearchAction\",\"target\":{\"@type\":\"EntryPoint\",\"urlTemplate\":\"https:\\\/\\\/www.flowtite.com\\\/?s={search_term_string}\"},\"query-input\":{\"@type\":\"PropertyValueSpecification\",\"valueRequired\":true,\"valueName\":\"search_term_string\"}}],\"inLanguage\":\"es\"}]}<\/script>\n<!-- \/ Yoast SEO plugin. -->","yoast_head_json":{"title":"Material de la tuber\u00eda en PRFV","description":"El PRFV es un material compuesto, que consiste en una resina polim\u00e9rica, fibras de vidrio de refuerzo y rellenos. La gama de aplicaciones de las tuber\u00edas de PRFV es amplia.","robots":{"index":"index","follow":"follow","max-snippet":"max-snippet:-1","max-image-preview":"max-image-preview:large","max-video-preview":"max-video-preview:-1"},"canonical":"https:\/\/www.flowtite.com\/es\/grp-pipe-material\/","og_locale":"es_ES","og_type":"article","og_title":"Material de la tuber\u00eda en PRFV","og_description":"El PRFV es un material compuesto, que consiste en una resina polim\u00e9rica, fibras de vidrio de refuerzo y rellenos. La gama de aplicaciones de las tuber\u00edas de PRFV es amplia.","og_url":"https:\/\/www.flowtite.com\/es\/grp-pipe-material\/","og_site_name":"Flowtite","article_modified_time":"2021-01-25T12:46:30+00:00","twitter_card":"summary_large_image","twitter_misc":{"Tiempo de lectura":"4 minutos"},"schema":{"@context":"https:\/\/schema.org","@graph":[{"@type":"WebPage","@id":"https:\/\/www.flowtite.com\/es\/grp-pipe-material\/","url":"https:\/\/www.flowtite.com\/es\/grp-pipe-material\/","name":"Material de la tuber\u00eda en PRFV","isPartOf":{"@id":"https:\/\/www.flowtite.com\/#website"},"datePublished":"2020-12-11T16:56:31+00:00","dateModified":"2021-01-25T12:46:30+00:00","description":"El PRFV es un material compuesto, que consiste en una resina polim\u00e9rica, fibras de vidrio de refuerzo y rellenos. La gama de aplicaciones de las tuber\u00edas de PRFV es amplia.","breadcrumb":{"@id":"https:\/\/www.flowtite.com\/es\/grp-pipe-material\/#breadcrumb"},"inLanguage":"es","potentialAction":[{"@type":"ReadAction","target":["https:\/\/www.flowtite.com\/es\/grp-pipe-material\/"]}]},{"@type":"BreadcrumbList","@id":"https:\/\/www.flowtite.com\/es\/grp-pipe-material\/#breadcrumb","itemListElement":[{"@type":"ListItem","position":1,"name":"Home","item":"https:\/\/www.flowtite.com\/es\/"},{"@type":"ListItem","position":2,"name":"Material PRFV"}]},{"@type":"WebSite","@id":"https:\/\/www.flowtite.com\/#website","url":"https:\/\/www.flowtite.com\/","name":"Flowtite","description":"","potentialAction":[{"@type":"SearchAction","target":{"@type":"EntryPoint","urlTemplate":"https:\/\/www.flowtite.com\/?s={search_term_string}"},"query-input":{"@type":"PropertyValueSpecification","valueRequired":true,"valueName":"search_term_string"}}],"inLanguage":"es"}]}},"_links":{"self":[{"href":"https:\/\/www.flowtite.com\/es\/wp-json\/wp\/v2\/pages\/1244","targetHints":{"allow":["GET"]}}],"collection":[{"href":"https:\/\/www.flowtite.com\/es\/wp-json\/wp\/v2\/pages"}],"about":[{"href":"https:\/\/www.flowtite.com\/es\/wp-json\/wp\/v2\/types\/page"}],"author":[{"embeddable":true,"href":"https:\/\/www.flowtite.com\/es\/wp-json\/wp\/v2\/users\/2"}],"replies":[{"embeddable":true,"href":"https:\/\/www.flowtite.com\/es\/wp-json\/wp\/v2\/comments?post=1244"}],"version-history":[{"count":2,"href":"https:\/\/www.flowtite.com\/es\/wp-json\/wp\/v2\/pages\/1244\/revisions"}],"predecessor-version":[{"id":1345,"href":"https:\/\/www.flowtite.com\/es\/wp-json\/wp\/v2\/pages\/1244\/revisions\/1345"}],"wp:attachment":[{"href":"https:\/\/www.flowtite.com\/es\/wp-json\/wp\/v2\/media?parent=1244"}],"curies":[{"name":"wp","href":"https:\/\/api.w.org\/{rel}","templated":true}]}}