{"id":865,"date":"2020-12-11T16:56:47","date_gmt":"2020-12-11T16:56:47","guid":{"rendered":"http:\/\/wp.amiblu.com\/about-us\/"},"modified":"2022-08-04T07:13:32","modified_gmt":"2022-08-04T07:13:32","slug":"about-us","status":"publish","type":"page","link":"https:\/\/www.flowtite.com\/de\/about-us\/","title":{"rendered":"\u00dcber Uns"},"content":{"rendered":"<div id='full_slider_1'  class='avia-fullwidth-slider main_color avia-shadow   avia-builder-el-0  el_before_av_one_fifth  avia-builder-el-first   container_wrap fullsize' style=' '  ><div   data-size='featured'  data-lightbox_size='large'  data-animation='slide'  data-conditional_play=''  data-ids='333'  data-video_counter='0'  data-autoplay='false'  data-bg_slider='false'  data-slide_height=''  data-handle='av_slideshow_full'  data-interval='5'  data-class=' '  data-el_id=''  data-css_id=''  data-scroll_down=''  data-control_layout='av-control-default'  data-custom_markup=''  data-perma_caption=''  data-autoplay_stopper=''  data-image_attachment=''  data-min_height='0px'  data-lazy_loading='disabled'  data-src=''  data-position='top left'  data-repeat='no-repeat'  data-attach='scroll'  data-stretch=''  data-default-height='28.666666666667'  class='avia-slideshow avia-slideshow-1  av-control-default av-default-height-applied avia-slideshow-featured av_slideshow_full   avia-slide-slider '  itemprop=\"image\" itemscope=\"itemscope\" itemtype=\"https:\/\/schema.org\/ImageObject\" ><ul class='avia-slideshow-inner ' style='padding-bottom: 28.666666666667%;' ><li  class=' av-single-slide slide-1 ' ><div data-rel='slideshow-1' class='avia-slide-wrap '   ><img decoding=\"async\" class=\"wp-image-868 avia-img-lazy-loading-not-868\"  src=\"https:\/\/www.flowtite.com\/wp-content\/uploads\/2020\/12\/Flowtite-Technology-Center-Norway-1500x430.jpg\" width=\"1500\" height=\"430\" title='Flowtite-Technology-Center-Norway' alt='Flowtite Technology Center Norway'  itemprop=\"thumbnailUrl\"   \/><\/div><\/li><\/ul><\/div><\/div><div id='after_full_slider_1'  class='main_color av_default_container_wrap container_wrap fullsize' style=' '  ><div class='container' ><div class='template-page content  av-content-full alpha units'><div class='post-entry post-entry-type-page post-entry-865'><div class='entry-content-wrapper clearfix'>\n<div class=\"flex_column av_one_fifth  flex_column_div av-zero-column-padding first  avia-builder-el-1  el_after_av_slideshow_full  el_before_av_three_fifth  avia-builder-el-first  \" style='border-radius:0px; '><\/div>\n<div class=\"flex_column av_three_fifth  flex_column_div av-zero-column-padding   avia-builder-el-2  el_after_av_one_fifth  el_before_av_one_fifth  \" style='border-radius:0px; '><p><div  style='padding-bottom:10px; ' class='av-special-heading av-special-heading-h1  blockquote modern-quote modern-centered  avia-builder-el-3  el_before_av_textblock  avia-builder-el-first  '><h1 class='av-special-heading-tag '  itemprop=\"headline\"  >Geschichte der Flowtite Technologie<\/h1><div class='special-heading-border'><div class='special-heading-inner-border' ><\/div><\/div><\/div><br \/>\n<section class=\"av_textblock_section \"  itemscope=\"itemscope\" itemtype=\"https:\/\/schema.org\/CreativeWork\" ><div class='avia_textblock  '   itemprop=\"text\" ><p style=\"text-align: center;\">1965 begann eine Gruppe von Ingenieuren der Lackfirma Jotun A\/S in Sandefjord, Norwegen, mit Polyesterharz und Glasfasern zu experimentieren. In Zusammenarbeit mit Drostholm und d\u00e4nischen Ingenieuren wurde das kontinuierliche Wickelverfahren f\u00fcr GFK-Rohre und -Tanks entwickelt. Die erste Wickelmaschine wurde in Norwegen gebaut und begann Anfang der 70er Jahre mit der kommerziellen Produktion.<\/p>\n<p style=\"text-align: center;\">In Zusammenarbeit mit Owens Corning wurde der Prozess weiterentwickelt, das Technologieunternehmen gegr\u00fcndet und die Marke Flowtite eingetragen. Mitte der siebziger Jahre wurde die erste Wickelmaschine f\u00fcr Amiantit in Saudi-Arabien in Betrieb genommen; weitere folgten rund um den Globus. Im Laufe der Jahre wurde Amiantit zum gr\u00f6\u00dften Kunden von Flowtite. Seitdem sind GFK-Rohre im Mittleren Osten, wo Dutzende von Wickelmaschinen in Betrieb sind, sehr erfolgreich.<\/p>\n<p style=\"text-align: center;\">Zu Beginn des Jahrhunderts erwarb die Amiantit Gruppe die Flowtite Technologie und die Werke von Owens Corning, einschlie\u00dflich ihrer Lizenzen in Europa und der ganzen Welt. Eine neue \u00c4ra mit beeindruckendem Wachstum begann. Die F&#038;E-Aktivit\u00e4ten wurden verst\u00e4rkt, die Konstruktion von Rohren, Kupplungen und Formteilen optimiert und der Fertigungsprozess weiter automatisiert. Mehrere neue Fabriken \u2013 sowohl Lizenznehmer als auch Joint Ventures \u2013 wurden gegr\u00fcndet und Flowtite Rohre nun auf allen Kontinenten hergestellt.<\/p>\n<\/div><\/section><br \/>\n<div  style='padding-bottom:10px; ' class='av-special-heading av-special-heading-h2  blockquote modern-quote modern-centered  avia-builder-el-5  el_after_av_textblock  el_before_av_textblock  '><h2 class='av-special-heading-tag '  itemprop=\"headline\"  >Flowtite ist Teil der Amiblu Gruppe<\/h2><div class='special-heading-border'><div class='special-heading-inner-border' ><\/div><\/div><\/div><br \/>\n<section class=\"av_textblock_section \"  itemscope=\"itemscope\" itemtype=\"https:\/\/schema.org\/CreativeWork\" ><div class='avia_textblock  '   itemprop=\"text\" ><p style=\"text-align: center;\">Die Amiblu Gruppe ist Besitzer und Lizenzgeber der Flowtite Technologie. Im Jahr 2017 schlossen sich die beiden Marktf\u00fchrer f\u00fcr glasfaserverst\u00e4rkte Kunststoffrohre \u2013 Amiantit Europe mit der Flowtite Technologie und Hobas Europe als Teil der Wietersdorfer Holding GmbH \u2013 in einer Fusion zur neuen Unternehmensgruppe Amiblu zusammen. Die Zentrale von Amiblu ist in Klagenfurt (AT). Das Unternehmen betreibt Produktionsst\u00e4tten in Deutschland, Spanien, Polen und Rum\u00e4nien und besch\u00e4ftigt rund 1500 Mitarbeiter. Das Forschungs- und Entwicklungszentrum in Norwegen ist das weltweit gr\u00f6\u00dfte offiziell akkreditierte Pr\u00fcflabor f\u00fcr GFK-Rohre. Amiblu verf\u00fcgt \u00fcber ein umfangreiches Netzwerk von Vertriebsb\u00fcros, Lizenznehmern sowie Produktions- und Vertriebspartnern auf der ganzen Welt.<\/p>\n<\/div><\/section><\/p><\/div><div class=\"flex_column av_one_fifth  flex_column_div av-zero-column-padding   avia-builder-el-7  el_after_av_three_fifth  el_before_av_section  avia-builder-el-last  \" style='border-radius:0px; '><\/div><\/p>\n<\/div><\/div><\/div><!-- close content main div --><\/div><\/div><div id='av_section_1'  class='avia-section main_color avia-section-default avia-no-border-styling  avia-bg-style-scroll  avia-builder-el-8  el_after_av_one_fifth  avia-builder-el-last   container_wrap fullsize' style='background-color: #f2f2f2;  '  ><div class='container' ><div class='template-page content  av-content-full alpha units'><div class='post-entry post-entry-type-page post-entry-865'><div class='entry-content-wrapper clearfix'>\n<div class=\"flex_column av_one_fifth  flex_column_div av-zero-column-padding first  avia-builder-el-9  el_before_av_three_fifth  avia-builder-el-first  \" style='border-radius:0px; '><\/div><div class=\"flex_column av_three_fifth  flex_column_div av-zero-column-padding   avia-builder-el-10  el_after_av_one_fifth  el_before_av_one_fifth  \" style='border-radius:0px; '><p><div  style='padding-bottom:10px; ' class='av-special-heading av-special-heading-h3  blockquote modern-quote  avia-builder-el-11  el_before_av_timeline  avia-builder-el-first  '><h3 class='av-special-heading-tag '  itemprop=\"headline\"  >Geschichte<\/h3><div class='special-heading-border'><div class='special-heading-inner-border' ><\/div><\/div><\/div><br \/>\n<div  id=\"avia-timeline-1\"  class='avia-timeline-container    avia-builder-el-12  el_after_av_heading  avia-builder-el-last ' ><ul class='avia-timeline avia-timeline-vertical av-milestone-placement-left avia-timeline-boxshadow avia_animate_when_almost_visible avia-timeline-animate'>\n<li  class='av-milestone av-animated-generic fade-in av-milestone-odd  av-milestone-valign-baseline '><h2 class='av-milestone-date  '  id='milestone-1968'><strong>1968<span class='av-milestone-indicator'><\/span><\/strong><\/h2><div class=\"av-milestone-icon-wrap\"><span class='milestone_icon avia-font-entypo-fontello' ><span class='milestone_inner' ><i class='milestone-char' aria-hidden='true' data-av_icon='\ue875' data-av_iconfont='entypo-fontello'><\/i><\/span><\/span><\/div><article class='av-milestone-content-wrap'><div class='av-milestone-contentbox' ><div class='av-milestone-content' ><p>Gr\u00fcndung der Amiantit Gruppe in Dammam, Saudi-Arabien<\/p>\n<\/div><\/div><footer  class='entry-footer'><\/footer><\/article><\/li>\n<li  class='av-milestone av-animated-generic fade-in av-milestone-even  av-milestone-valign-baseline '><h2 class='av-milestone-date  '  id='milestone-1968'><strong>1968<span class='av-milestone-indicator'><\/span><\/strong><\/h2><div class=\"av-milestone-icon-wrap\"><span class='milestone_icon avia-font-entypo-fontello' ><span class='milestone_inner' ><i class='milestone-char' aria-hidden='true' data-av_icon='\ue875' data-av_iconfont='entypo-fontello'><\/i><\/span><\/span><\/div><article class='av-milestone-content-wrap'><div class='av-milestone-contentbox' ><div class='av-milestone-content' ><p>Erste Produktion von GFK-Rohren mittels kontinuierlichem Wickelverfahren bei Vera Fabrikker (Jotun) in Norwegen<\/p>\n<\/div><\/div><footer  class='entry-footer'><\/footer><\/article><\/li>\n<li  class='av-milestone av-animated-generic fade-in av-milestone-odd  av-milestone-valign-baseline '><h2 class='av-milestone-date  '  id='milestone-1971'><strong>1971<span class='av-milestone-indicator'><\/span><\/strong><\/h2><div class=\"av-milestone-icon-wrap\"><span class='milestone_icon avia-font-entypo-fontello' ><span class='milestone_inner' ><i class='milestone-char' aria-hidden='true' data-av_icon='\ue875' data-av_iconfont='entypo-fontello'><\/i><\/span><\/span><\/div><article class='av-milestone-content-wrap'><div class='av-milestone-contentbox' ><div class='av-milestone-content' ><p>Owens Corning kauft GFK-Technologie von Vera Fabrikker<\/p>\n<\/div><\/div><footer  class='entry-footer'><\/footer><\/article><\/li>\n<li  class='av-milestone av-animated-generic fade-in av-milestone-even  av-milestone-valign-baseline '><h2 class='av-milestone-date  '  id='milestone-1988'><strong>1988<span class='av-milestone-indicator'><\/span><\/strong><\/h2><div class=\"av-milestone-icon-wrap\"><span class='milestone_icon avia-font-entypo-fontello' ><span class='milestone_inner' ><i class='milestone-char' aria-hidden='true' data-av_icon='\ue875' data-av_iconfont='entypo-fontello'><\/i><\/span><\/span><\/div><article class='av-milestone-content-wrap'><div class='av-milestone-contentbox' ><div class='av-milestone-content' ><p>Owens Corning erwirbt 90% der Anteile an Veroc Technology (sp\u00e4ter Flowtite Technology)<\/p>\n<\/div><\/div><footer  class='entry-footer'><\/footer><\/article><\/li>\n<li  class='av-milestone av-animated-generic fade-in av-milestone-odd  av-milestone-valign-baseline '><h2 class='av-milestone-date  '  id='milestone-2001'><strong>2001<span class='av-milestone-indicator'><\/span><\/strong><\/h2><div class=\"av-milestone-icon-wrap\"><span class='milestone_icon avia-font-entypo-fontello' ><span class='milestone_inner' ><i class='milestone-char' aria-hidden='true' data-av_icon='\ue875' data-av_iconfont='entypo-fontello'><\/i><\/span><\/span><\/div><article class='av-milestone-content-wrap'><div class='av-milestone-contentbox' ><div class='av-milestone-content' ><p>Amiantit erwirbt Flowtite Technologie<\/p>\n<\/div><\/div><footer  class='entry-footer'><\/footer><\/article><\/li>\n<li  class='av-milestone av-animated-generic fade-in av-milestone-even  av-milestone-valign-baseline '><h2 class='av-milestone-date  '  id='milestone-2016'><strong>2016<span class='av-milestone-indicator'><\/span><\/strong><\/h2><div class=\"av-milestone-icon-wrap\"><span class='milestone_icon avia-font-entypo-fontello' ><span class='milestone_inner' ><i class='milestone-char' aria-hidden='true' data-av_icon='\ue875' data-av_iconfont='entypo-fontello'><\/i><\/span><\/span><\/div><article class='av-milestone-content-wrap'><div class='av-milestone-contentbox' ><div class='av-milestone-content' ><p>Wietersdorfer (Inhaber der Hobas Gruppe) und Amiantit Europe (Inhaber der Flowtite Technologie) verk\u00fcnden die Intention zum Zusammenschluss ihrer europ\u00e4ischen Aktivit\u00e4ten<\/p>\n<\/div><\/div><footer  class='entry-footer'><\/footer><\/article><\/li>\n<li  class='av-milestone av-animated-generic fade-in av-milestone-odd  av-milestone-valign-baseline '><h2 class='av-milestone-date  '  id='milestone-2017'><strong>2017<span class='av-milestone-indicator'><\/span><\/strong><\/h2><div class=\"av-milestone-icon-wrap\"><span class='milestone_icon avia-font-entypo-fontello' ><span class='milestone_inner' ><i class='milestone-char' aria-hidden='true' data-av_icon='\ue875' data-av_iconfont='entypo-fontello'><\/i><\/span><\/span><\/div><article class='av-milestone-content-wrap'><div class='av-milestone-contentbox' ><div class='av-milestone-content' ><p>50-j\u00e4hriges Bestehen Flowtite<\/p>\n<\/div><\/div><footer  class='entry-footer'><\/footer><\/article><\/li>\n<li  class='av-milestone av-animated-generic fade-in av-milestone-even  av-milestone-valign-baseline '><h2 class='av-milestone-date  '  id='milestone-2017'><strong>2017<span class='av-milestone-indicator'><\/span><\/strong><\/h2><div class=\"av-milestone-icon-wrap\"><span class='milestone_icon avia-font-entypo-fontello' ><span class='milestone_inner' ><i class='milestone-char' aria-hidden='true' data-av_icon='\ue875' data-av_iconfont='entypo-fontello'><\/i><\/span><\/span><\/div><article class='av-milestone-content-wrap'><div class='av-milestone-contentbox' ><div class='av-milestone-content' ><p>EU-Kommission genehmigt den Zusammenschluss,\u00a0<a href=\"https:\/\/www.amiblu.com\/de\/\" target=\"_blank\" rel=\"noopener noreferrer\">Amiblu<\/a>\u00a0wird gegr\u00fcndet und vertreibt u.a. die Flowtite Produkttechnologie<\/p>\n<\/div><\/div><footer  class='entry-footer'><\/footer><\/article><\/li>\n<li  class='av-milestone av-animated-generic fade-in av-milestone-odd  av-milestone-valign-baseline '><h2 class='av-milestone-date  '  id='milestone-2018'><strong>2018<span class='av-milestone-indicator'><\/span><\/strong><\/h2><div class=\"av-milestone-icon-wrap\"><span class='milestone_icon avia-font-entypo-fontello' ><span class='milestone_inner' ><i class='milestone-char' aria-hidden='true' data-av_icon='\ue875' data-av_iconfont='entypo-fontello'><\/i><\/span><\/span><\/div><article class='av-milestone-content-wrap'><div class='av-milestone-contentbox' ><div class='av-milestone-content' ><p>Amiblu er\u00f6ffnet eine hochmoderne Produktionshalle f\u00fcr GFK-Formteile in Polen<\/p>\n<\/div><\/div><footer  class='entry-footer'><\/footer><\/article><\/li>\n<\/ul><\/div><\/p><\/div><div class=\"flex_column av_one_fifth  flex_column_div av-zero-column-padding   avia-builder-el-13  el_after_av_three_fifth  avia-builder-el-last  \" style='border-radius:0px; '><\/div>\n","protected":false},"excerpt":{"rendered":"","protected":false},"author":2,"featured_media":0,"parent":0,"menu_order":17,"comment_status":"closed","ping_status":"closed","template":"","meta":{"footnotes":""},"class_list":["post-865","page","type-page","status-publish","hentry"],"yoast_head":"<!-- This site is optimized with the Yoast SEO plugin v27.5 - https:\/\/yoast.com\/product\/yoast-seo-wordpress\/ -->\n<title>\u00dcber Uns - Flowtite<\/title>\n<meta name=\"description\" content=\"Flowtite ist Teil der Amiblu Gruppe. Die Amiblu Gruppe ist Besitzer und Lizenzgeber der Flowtite Technologie.\" \/>\n<meta name=\"robots\" content=\"index, follow, max-snippet:-1, max-image-preview:large, max-video-preview:-1\" \/>\n<link rel=\"canonical\" href=\"https:\/\/www.flowtite.com\/de\/about-us\/\" \/>\n<meta property=\"og:locale\" content=\"de_DE\" \/>\n<meta property=\"og:type\" content=\"article\" \/>\n<meta property=\"og:title\" content=\"\u00dcber Uns - Flowtite\" \/>\n<meta property=\"og:description\" content=\"Flowtite ist Teil der Amiblu Gruppe. Die Amiblu Gruppe ist Besitzer und Lizenzgeber der Flowtite Technologie.\" \/>\n<meta property=\"og:url\" content=\"https:\/\/www.flowtite.com\/de\/about-us\/\" \/>\n<meta property=\"og:site_name\" content=\"Flowtite\" \/>\n<meta property=\"article:modified_time\" content=\"2022-08-04T07:13:32+00:00\" \/>\n<meta name=\"twitter:card\" content=\"summary_large_image\" \/>\n<meta name=\"twitter:label1\" content=\"Gesch\u00e4tzte Lesezeit\" \/>\n\t<meta name=\"twitter:data1\" content=\"5\u00a0Minuten\" \/>\n<script type=\"application\/ld+json\" class=\"yoast-schema-graph\">{\"@context\":\"https:\\\/\\\/schema.org\",\"@graph\":[{\"@type\":\"WebPage\",\"@id\":\"https:\\\/\\\/www.flowtite.com\\\/de\\\/about-us\\\/\",\"url\":\"https:\\\/\\\/www.flowtite.com\\\/de\\\/about-us\\\/\",\"name\":\"\u00dcber Uns - Flowtite\",\"isPartOf\":{\"@id\":\"https:\\\/\\\/www.flowtite.com\\\/#website\"},\"datePublished\":\"2020-12-11T16:56:47+00:00\",\"dateModified\":\"2022-08-04T07:13:32+00:00\",\"description\":\"Flowtite ist Teil der Amiblu Gruppe. Die Amiblu Gruppe ist Besitzer und Lizenzgeber der Flowtite Technologie.\",\"breadcrumb\":{\"@id\":\"https:\\\/\\\/www.flowtite.com\\\/de\\\/about-us\\\/#breadcrumb\"},\"inLanguage\":\"de\",\"potentialAction\":[{\"@type\":\"ReadAction\",\"target\":[\"https:\\\/\\\/www.flowtite.com\\\/de\\\/about-us\\\/\"]}]},{\"@type\":\"BreadcrumbList\",\"@id\":\"https:\\\/\\\/www.flowtite.com\\\/de\\\/about-us\\\/#breadcrumb\",\"itemListElement\":[{\"@type\":\"ListItem\",\"position\":1,\"name\":\"Home\",\"item\":\"https:\\\/\\\/www.flowtite.com\\\/de\\\/\"},{\"@type\":\"ListItem\",\"position\":2,\"name\":\"\u00dcber Uns\"}]},{\"@type\":\"WebSite\",\"@id\":\"https:\\\/\\\/www.flowtite.com\\\/#website\",\"url\":\"https:\\\/\\\/www.flowtite.com\\\/\",\"name\":\"Flowtite\",\"description\":\"\",\"potentialAction\":[{\"@type\":\"SearchAction\",\"target\":{\"@type\":\"EntryPoint\",\"urlTemplate\":\"https:\\\/\\\/www.flowtite.com\\\/?s={search_term_string}\"},\"query-input\":{\"@type\":\"PropertyValueSpecification\",\"valueRequired\":true,\"valueName\":\"search_term_string\"}}],\"inLanguage\":\"de\"}]}<\/script>\n<!-- \/ Yoast SEO plugin. -->","yoast_head_json":{"title":"\u00dcber Uns - Flowtite","description":"Flowtite ist Teil der Amiblu Gruppe. Die Amiblu Gruppe ist Besitzer und Lizenzgeber der Flowtite Technologie.","robots":{"index":"index","follow":"follow","max-snippet":"max-snippet:-1","max-image-preview":"max-image-preview:large","max-video-preview":"max-video-preview:-1"},"canonical":"https:\/\/www.flowtite.com\/de\/about-us\/","og_locale":"de_DE","og_type":"article","og_title":"\u00dcber Uns - Flowtite","og_description":"Flowtite ist Teil der Amiblu Gruppe. Die Amiblu Gruppe ist Besitzer und Lizenzgeber der Flowtite Technologie.","og_url":"https:\/\/www.flowtite.com\/de\/about-us\/","og_site_name":"Flowtite","article_modified_time":"2022-08-04T07:13:32+00:00","twitter_card":"summary_large_image","twitter_misc":{"Gesch\u00e4tzte Lesezeit":"5\u00a0Minuten"},"schema":{"@context":"https:\/\/schema.org","@graph":[{"@type":"WebPage","@id":"https:\/\/www.flowtite.com\/de\/about-us\/","url":"https:\/\/www.flowtite.com\/de\/about-us\/","name":"\u00dcber Uns - Flowtite","isPartOf":{"@id":"https:\/\/www.flowtite.com\/#website"},"datePublished":"2020-12-11T16:56:47+00:00","dateModified":"2022-08-04T07:13:32+00:00","description":"Flowtite ist Teil der Amiblu Gruppe. Die Amiblu Gruppe ist Besitzer und Lizenzgeber der Flowtite Technologie.","breadcrumb":{"@id":"https:\/\/www.flowtite.com\/de\/about-us\/#breadcrumb"},"inLanguage":"de","potentialAction":[{"@type":"ReadAction","target":["https:\/\/www.flowtite.com\/de\/about-us\/"]}]},{"@type":"BreadcrumbList","@id":"https:\/\/www.flowtite.com\/de\/about-us\/#breadcrumb","itemListElement":[{"@type":"ListItem","position":1,"name":"Home","item":"https:\/\/www.flowtite.com\/de\/"},{"@type":"ListItem","position":2,"name":"\u00dcber Uns"}]},{"@type":"WebSite","@id":"https:\/\/www.flowtite.com\/#website","url":"https:\/\/www.flowtite.com\/","name":"Flowtite","description":"","potentialAction":[{"@type":"SearchAction","target":{"@type":"EntryPoint","urlTemplate":"https:\/\/www.flowtite.com\/?s={search_term_string}"},"query-input":{"@type":"PropertyValueSpecification","valueRequired":true,"valueName":"search_term_string"}}],"inLanguage":"de"}]}},"_links":{"self":[{"href":"https:\/\/www.flowtite.com\/de\/wp-json\/wp\/v2\/pages\/865","targetHints":{"allow":["GET"]}}],"collection":[{"href":"https:\/\/www.flowtite.com\/de\/wp-json\/wp\/v2\/pages"}],"about":[{"href":"https:\/\/www.flowtite.com\/de\/wp-json\/wp\/v2\/types\/page"}],"author":[{"embeddable":true,"href":"https:\/\/www.flowtite.com\/de\/wp-json\/wp\/v2\/users\/2"}],"replies":[{"embeddable":true,"href":"https:\/\/www.flowtite.com\/de\/wp-json\/wp\/v2\/comments?post=865"}],"version-history":[{"count":4,"href":"https:\/\/www.flowtite.com\/de\/wp-json\/wp\/v2\/pages\/865\/revisions"}],"predecessor-version":[{"id":2353,"href":"https:\/\/www.flowtite.com\/de\/wp-json\/wp\/v2\/pages\/865\/revisions\/2353"}],"wp:attachment":[{"href":"https:\/\/www.flowtite.com\/de\/wp-json\/wp\/v2\/media?parent=865"}],"curies":[{"name":"wp","href":"https:\/\/api.w.org\/{rel}","templated":true}]}}