{"id":862,"date":"2020-12-11T16:56:31","date_gmt":"2020-12-11T16:56:31","guid":{"rendered":"http:\/\/wp.amiblu.com\/grp-pipe-material\/"},"modified":"2021-01-25T12:21:47","modified_gmt":"2021-01-25T12:21:47","slug":"grp-pipe-material","status":"publish","type":"page","link":"https:\/\/www.flowtite.com\/de\/grp-pipe-material\/","title":{"rendered":"GFK-Rohrmaterial"},"content":{"rendered":"<div id='full_slider_1'  class='avia-fullwidth-slider main_color avia-shadow   avia-builder-el-0  el_before_av_one_fifth  avia-builder-el-first   container_wrap fullsize' style=' '  ><div   data-size='featured'  data-lightbox_size='large'  data-animation='slide'  data-conditional_play=''  data-ids='327'  data-video_counter='0'  data-autoplay='false'  data-bg_slider='false'  data-slide_height=''  data-handle='av_slideshow_full'  data-interval='5'  data-class=' '  data-el_id=''  data-css_id=''  data-scroll_down=''  data-control_layout='av-control-default'  data-custom_markup=''  data-perma_caption=''  data-autoplay_stopper=''  data-image_attachment=''  data-min_height='0px'  data-lazy_loading='disabled'  data-src=''  data-position='top left'  data-repeat='no-repeat'  data-attach='scroll'  data-stretch=''  data-default-height='28.666666666667'  class='avia-slideshow avia-slideshow-1  av-control-default av-default-height-applied avia-slideshow-featured av_slideshow_full   avia-slide-slider '  itemprop=\"image\" itemscope=\"itemscope\" itemtype=\"https:\/\/schema.org\/ImageObject\" ><ul class='avia-slideshow-inner ' style='padding-bottom: 26.666666666667%;' ><li  class=' av-single-slide slide-1 ' ><div data-rel='slideshow-1' class='avia-slide-wrap '   ><img decoding=\"async\" class=\"wp-image-588 avia-img-lazy-loading-not-588\"  src=\"https:\/\/www.flowtite.com\/wp-content\/uploads\/2020\/12\/Flowtite-GRP-pipes-1500x400.jpg\" width=\"1500\" height=\"400\" title='Flowtite-GRP-pipes' alt='Flowtite GRP pipes'  itemprop=\"thumbnailUrl\"   \/><\/div><\/li><\/ul><\/div><\/div><div id='after_full_slider_1'  class='main_color av_default_container_wrap container_wrap fullsize' style=' '  ><div class='container' ><div class='template-page content  av-content-full alpha units'><div class='post-entry post-entry-type-page post-entry-862'><div class='entry-content-wrapper clearfix'>\n<div class=\"flex_column av_one_fifth  flex_column_div av-zero-column-padding first  avia-builder-el-1  el_after_av_slideshow_full  el_before_av_three_fifth  avia-builder-el-first  \" style='border-radius:0px; '><\/div>\n<div class=\"flex_column av_three_fifth  flex_column_div av-zero-column-padding   avia-builder-el-2  el_after_av_one_fifth  el_before_av_one_fifth  \" style='border-radius:0px; '><p><div  style='padding-bottom:10px; ' class='av-special-heading av-special-heading-h1  blockquote modern-quote modern-centered  avia-builder-el-3  el_before_av_textblock  avia-builder-el-first  '><h1 class='av-special-heading-tag '  itemprop=\"headline\"  >GFK-Rohrmaterial<\/h1><div class='special-heading-border'><div class='special-heading-inner-border' ><\/div><\/div><\/div><br \/>\n<section class=\"av_textblock_section \"  itemscope=\"itemscope\" itemtype=\"https:\/\/schema.org\/CreativeWork\" ><div class='avia_textblock  '   itemprop=\"text\" ><p style=\"text-align: center;\">Nach umfangreichen Versuchsreihen mit verschiedenen Harzen und Fasern in der ersten H\u00e4lfte des letzten Jahrhunderts begann die Entwicklung verst\u00e4rkter Kunststoffe in den 1940er Jahren mit der Massenproduktion von Feinstr\u00e4ngen aus Glasfasern und Polyesterharzen. Aus der Kombination dieser beiden Materialien entstand ein neuer Verbundwerkstoff:\u00a0<strong>Glasfaserverst\u00e4rkter Kunststoff (GFK)<\/strong>, der sich bald zu einem wichtigen Werkstoff in der Automobil-, Schiffs-, Luftfahrt- und Bauindustrie entwickelte. \u00c4hnlich wie Stahlbeton im Schwerbau von grundlegender Bedeutung ist, ist GFK unerl\u00e4sslich, wenn es um die Anforderungen an hohe Festigkeit, geringes Gewicht und Haltbarkeit geht.<\/p>\n<h2 style=\"text-align: center;\">GFK \u2013 woraus es besteht<\/h2>\n<p style=\"text-align: center;\">Glasfaserverst\u00e4rkter Kunststoff ist ein Verbundwerkstoff, der aus einem\u00a0<strong>Polymerharz, verst\u00e4rkenden Glasfasern und F\u00fcllstoffen<\/strong>\u00a0besteht. Die gebr\u00e4uchlichsten Polymere sind w\u00e4rmeh\u00e4rtende Polyester-, Vinylester- und Epoxidharze. Nach dem Aush\u00e4rten definiert das Harz die Form des GFK-Teils und macht es best\u00e4ndig gegen chemische und Umweltbelastungen. Es gibt verschiedene Arten von Glasfasern, die gebr\u00e4uchlichsten bestehen aus E- und E-CR (Electric\/Chemical\/Resistant) Glas, deren Zugfestigkeit um ein Vielfaches h\u00f6her ist als bei Stahl. Der h\u00e4ufigste F\u00fcllstoff ist feiner Quarzsand.<\/p>\n<h2 style=\"text-align: center;\"><strong>GFK \u2013 \u00fcberlegene Eigenschaften<\/strong><\/h2>\n<p style=\"text-align: center;\">Glasfasern bieten\u00a0<strong>Festigkeit<\/strong>\u00a0und\u00a0<strong>Stabilit\u00e4t<\/strong>, w\u00e4hrend F\u00fcllstoffe zu einer hohen\u00a0<strong>Biegesteifigkeit<\/strong>\u00a0beitragen. Mit der Ausrichtung der Glasfasern in die gew\u00fcnschte Richtung, den strategisch platzierten F\u00fcllstoffen, die alle mit Harz getr\u00e4nkt und dann bei erh\u00f6hten Temperaturen ausgeh\u00e4rtet sind, wird ein au\u00dfergew\u00f6hnlich starkes und stabiles Laminat gebildet. Das Harz bietet dabei einen hervorragenden\u00a0<strong>Schutz gegen chemische Korrosion<\/strong>. Das Endprodukt ist\u00a0<strong>wasserdicht<\/strong>, hat eine\u00a0<strong>gute thermische Stabilit\u00e4t<\/strong>\u00a0und\u00a0<strong>Best\u00e4ndigkeit gegen UV-Strahlung<\/strong>\u00a0und ist somit ideal f\u00fcr Innen- und Au\u00dfenanwendungen. GFK ist ein\u00a0<strong>sehr langlebiges Material<\/strong>, das sich ausgezeichnet f\u00fcr ein breites Anwendungsspektrum in verschiedenen Branchen eignet, in denen eine sehr lange Lebensdauer gefordert ist.<\/p>\n<h2 style=\"text-align: center;\"><strong>GFK \u2013 f\u00fcr langlebige Rohrsysteme<\/strong><\/h2>\n<p style=\"text-align: center;\">Die Entwicklung des\u00a0<a href=\"https:\/\/www.flowtite.com\/de\/technology\/\">kontinuierlichen Filamentwickelverfahrens<\/a>\u00a0f\u00fcr GFK-Rohre begann in den 1960er Jahren und wurde im Laufe der Zeit weiterentwickelt und verbessert. Als die Ingenieure einen Weg fanden, ein Sandwichlaminat mit hochverst\u00e4rkten Strukturschichten und sandgef\u00fclltem, glasfaserverst\u00e4rktem Kern herzustellen, wurden GFK-Rohre sehr wettbewerbsf\u00e4hig, sowohl in Bezug auf die Produktion als auch auf die Installation. Das\u00a0<a href=\"https:\/\/www.flowtite.com\/de\/applications\/\">Anwendungsspektrum<\/a>\u00a0von GFK-Rohren ist heute breit gef\u00e4chert: Kanal- und Entw\u00e4sserungssysteme, Trinkwasser, Rohwasser, Bew\u00e4sserung, Wasserkraftwerke, Industrierohrleitungssysteme, K\u00fchlwasser, Meeresengen und -ausl\u00e4sse, um nur einige zu nennen. Die Verlegemethoden umfassen offene Gr\u00e4ben, oberirdische, unter Wasser sowie Relining, Vortrieb und Microtunneling.<\/p>\n<\/div><\/section><br \/>\n<div  class='avia-button-wrap avia-button-center  avia-builder-el-5  el_after_av_textblock  avia-builder-el-last ' ><a href='https:\/\/www.amiblu.com\/why-grp\/' class='avia-button  avia-color-theme-color   avia-icon_select-no avia-size-medium avia-position-center ' target=\"_blank\" rel=\"noopener noreferrer\"><span class='avia_iconbox_title' >Erfahren Sie mehr \u00fcber GFK-Rohre auf der Amiblu Website<\/span><\/a><\/div><\/p><\/div><div class=\"flex_column av_one_fifth  flex_column_div av-zero-column-padding   avia-builder-el-6  el_after_av_three_fifth  avia-builder-el-last  \" style='border-radius:0px; '><\/div><\/p>\n","protected":false},"excerpt":{"rendered":"","protected":false},"author":2,"featured_media":0,"parent":0,"menu_order":14,"comment_status":"closed","ping_status":"closed","template":"","meta":{"footnotes":""},"class_list":["post-862","page","type-page","status-publish","hentry"],"yoast_head":"<!-- This site is optimized with the Yoast SEO plugin v27.6 - https:\/\/yoast.com\/product\/yoast-seo-wordpress\/ -->\n<title>GFK-Rohrmaterial - Flowtite<\/title>\n<meta name=\"description\" content=\"Glasfaserverst\u00e4rkter Kunststoff ist ein Verbundwerkstoff, der aus einem Polymerharz, verst\u00e4rkenden Glasfasern und F\u00fcllstoffen besteht, und sich ideal f\u00fcr ein breites Anwendungsspektrum in verschiedenen Branchen eignet.\" \/>\n<meta name=\"robots\" content=\"index, follow, max-snippet:-1, max-image-preview:large, max-video-preview:-1\" \/>\n<link rel=\"canonical\" href=\"https:\/\/www.flowtite.com\/de\/grp-pipe-material\/\" \/>\n<meta property=\"og:locale\" content=\"de_DE\" \/>\n<meta property=\"og:type\" content=\"article\" \/>\n<meta property=\"og:title\" content=\"GFK-Rohrmaterial - Flowtite\" \/>\n<meta property=\"og:description\" content=\"Glasfaserverst\u00e4rkter Kunststoff ist ein Verbundwerkstoff, der aus einem Polymerharz, verst\u00e4rkenden Glasfasern und F\u00fcllstoffen besteht, und sich ideal f\u00fcr ein breites Anwendungsspektrum in verschiedenen Branchen eignet.\" \/>\n<meta property=\"og:url\" content=\"https:\/\/www.flowtite.com\/de\/grp-pipe-material\/\" \/>\n<meta property=\"og:site_name\" content=\"Flowtite\" \/>\n<meta property=\"article:modified_time\" content=\"2021-01-25T12:21:47+00:00\" \/>\n<meta name=\"twitter:card\" content=\"summary_large_image\" \/>\n<meta name=\"twitter:label1\" content=\"Gesch\u00e4tzte Lesezeit\" \/>\n\t<meta name=\"twitter:data1\" content=\"3\u00a0Minuten\" \/>\n<script type=\"application\/ld+json\" class=\"yoast-schema-graph\">{\"@context\":\"https:\\\/\\\/schema.org\",\"@graph\":[{\"@type\":\"WebPage\",\"@id\":\"https:\\\/\\\/www.flowtite.com\\\/de\\\/grp-pipe-material\\\/\",\"url\":\"https:\\\/\\\/www.flowtite.com\\\/de\\\/grp-pipe-material\\\/\",\"name\":\"GFK-Rohrmaterial - Flowtite\",\"isPartOf\":{\"@id\":\"https:\\\/\\\/www.flowtite.com\\\/#website\"},\"datePublished\":\"2020-12-11T16:56:31+00:00\",\"dateModified\":\"2021-01-25T12:21:47+00:00\",\"description\":\"Glasfaserverst\u00e4rkter Kunststoff ist ein Verbundwerkstoff, der aus einem Polymerharz, verst\u00e4rkenden Glasfasern und F\u00fcllstoffen besteht, und sich ideal f\u00fcr ein breites Anwendungsspektrum in verschiedenen Branchen eignet.\",\"breadcrumb\":{\"@id\":\"https:\\\/\\\/www.flowtite.com\\\/de\\\/grp-pipe-material\\\/#breadcrumb\"},\"inLanguage\":\"de\",\"potentialAction\":[{\"@type\":\"ReadAction\",\"target\":[\"https:\\\/\\\/www.flowtite.com\\\/de\\\/grp-pipe-material\\\/\"]}]},{\"@type\":\"BreadcrumbList\",\"@id\":\"https:\\\/\\\/www.flowtite.com\\\/de\\\/grp-pipe-material\\\/#breadcrumb\",\"itemListElement\":[{\"@type\":\"ListItem\",\"position\":1,\"name\":\"Home\",\"item\":\"https:\\\/\\\/www.flowtite.com\\\/de\\\/\"},{\"@type\":\"ListItem\",\"position\":2,\"name\":\"GFK-Rohrmaterial\"}]},{\"@type\":\"WebSite\",\"@id\":\"https:\\\/\\\/www.flowtite.com\\\/#website\",\"url\":\"https:\\\/\\\/www.flowtite.com\\\/\",\"name\":\"Flowtite\",\"description\":\"\",\"potentialAction\":[{\"@type\":\"SearchAction\",\"target\":{\"@type\":\"EntryPoint\",\"urlTemplate\":\"https:\\\/\\\/www.flowtite.com\\\/?s={search_term_string}\"},\"query-input\":{\"@type\":\"PropertyValueSpecification\",\"valueRequired\":true,\"valueName\":\"search_term_string\"}}],\"inLanguage\":\"de\"}]}<\/script>\n<!-- \/ Yoast SEO plugin. -->","yoast_head_json":{"title":"GFK-Rohrmaterial - Flowtite","description":"Glasfaserverst\u00e4rkter Kunststoff ist ein Verbundwerkstoff, der aus einem Polymerharz, verst\u00e4rkenden Glasfasern und F\u00fcllstoffen besteht, und sich ideal f\u00fcr ein breites Anwendungsspektrum in verschiedenen Branchen eignet.","robots":{"index":"index","follow":"follow","max-snippet":"max-snippet:-1","max-image-preview":"max-image-preview:large","max-video-preview":"max-video-preview:-1"},"canonical":"https:\/\/www.flowtite.com\/de\/grp-pipe-material\/","og_locale":"de_DE","og_type":"article","og_title":"GFK-Rohrmaterial - Flowtite","og_description":"Glasfaserverst\u00e4rkter Kunststoff ist ein Verbundwerkstoff, der aus einem Polymerharz, verst\u00e4rkenden Glasfasern und F\u00fcllstoffen besteht, und sich ideal f\u00fcr ein breites Anwendungsspektrum in verschiedenen Branchen eignet.","og_url":"https:\/\/www.flowtite.com\/de\/grp-pipe-material\/","og_site_name":"Flowtite","article_modified_time":"2021-01-25T12:21:47+00:00","twitter_card":"summary_large_image","twitter_misc":{"Gesch\u00e4tzte Lesezeit":"3\u00a0Minuten"},"schema":{"@context":"https:\/\/schema.org","@graph":[{"@type":"WebPage","@id":"https:\/\/www.flowtite.com\/de\/grp-pipe-material\/","url":"https:\/\/www.flowtite.com\/de\/grp-pipe-material\/","name":"GFK-Rohrmaterial - Flowtite","isPartOf":{"@id":"https:\/\/www.flowtite.com\/#website"},"datePublished":"2020-12-11T16:56:31+00:00","dateModified":"2021-01-25T12:21:47+00:00","description":"Glasfaserverst\u00e4rkter Kunststoff ist ein Verbundwerkstoff, der aus einem Polymerharz, verst\u00e4rkenden Glasfasern und F\u00fcllstoffen besteht, und sich ideal f\u00fcr ein breites Anwendungsspektrum in verschiedenen Branchen eignet.","breadcrumb":{"@id":"https:\/\/www.flowtite.com\/de\/grp-pipe-material\/#breadcrumb"},"inLanguage":"de","potentialAction":[{"@type":"ReadAction","target":["https:\/\/www.flowtite.com\/de\/grp-pipe-material\/"]}]},{"@type":"BreadcrumbList","@id":"https:\/\/www.flowtite.com\/de\/grp-pipe-material\/#breadcrumb","itemListElement":[{"@type":"ListItem","position":1,"name":"Home","item":"https:\/\/www.flowtite.com\/de\/"},{"@type":"ListItem","position":2,"name":"GFK-Rohrmaterial"}]},{"@type":"WebSite","@id":"https:\/\/www.flowtite.com\/#website","url":"https:\/\/www.flowtite.com\/","name":"Flowtite","description":"","potentialAction":[{"@type":"SearchAction","target":{"@type":"EntryPoint","urlTemplate":"https:\/\/www.flowtite.com\/?s={search_term_string}"},"query-input":{"@type":"PropertyValueSpecification","valueRequired":true,"valueName":"search_term_string"}}],"inLanguage":"de"}]}},"_links":{"self":[{"href":"https:\/\/www.flowtite.com\/de\/wp-json\/wp\/v2\/pages\/862","targetHints":{"allow":["GET"]}}],"collection":[{"href":"https:\/\/www.flowtite.com\/de\/wp-json\/wp\/v2\/pages"}],"about":[{"href":"https:\/\/www.flowtite.com\/de\/wp-json\/wp\/v2\/types\/page"}],"author":[{"embeddable":true,"href":"https:\/\/www.flowtite.com\/de\/wp-json\/wp\/v2\/users\/2"}],"replies":[{"embeddable":true,"href":"https:\/\/www.flowtite.com\/de\/wp-json\/wp\/v2\/comments?post=862"}],"version-history":[{"count":2,"href":"https:\/\/www.flowtite.com\/de\/wp-json\/wp\/v2\/pages\/862\/revisions"}],"predecessor-version":[{"id":951,"href":"https:\/\/www.flowtite.com\/de\/wp-json\/wp\/v2\/pages\/862\/revisions\/951"}],"wp:attachment":[{"href":"https:\/\/www.flowtite.com\/de\/wp-json\/wp\/v2\/media?parent=862"}],"curies":[{"name":"wp","href":"https:\/\/api.w.org\/{rel}","templated":true}]}}